{"id":2375,"date":"2023-11-07T15:10:52","date_gmt":"2023-11-07T15:10:52","guid":{"rendered":"https:\/\/2024.zun-schweiz.ch\/infos\/"},"modified":"2024-02-19T09:21:39","modified_gmt":"2024-02-19T09:21:39","slug":"infos","status":"publish","type":"page","link":"https:\/\/zun-schweiz.ch\/fr\/infos\/","title":{"rendered":"Infos"},"content":{"rendered":"\t\t<div data-elementor-type=\"wp-page\" data-elementor-id=\"2375\" class=\"elementor elementor-2375 elementor-41\" data-elementor-post-type=\"page\">\n\t\t\t\t<div class=\"elementor-element elementor-element-718a3c0 e-flex e-con-boxed e-con e-parent\" data-id=\"718a3c0\" data-element_type=\"container\">\n\t\t\t\t\t<div class=\"e-con-inner\">\n\t\t<div class=\"elementor-element elementor-element-bea9eab e-flex e-con-boxed e-con e-child\" data-id=\"bea9eab\" data-element_type=\"container\">\n\t\t\t\t\t<div class=\"e-con-inner\">\n\t\t\t\t<div class=\"elementor-element elementor-element-2386396 elementor-widget elementor-widget-text-editor\" data-id=\"2386396\" data-element_type=\"widget\" data-widget_type=\"text-editor.default\">\n\t\t\t\t<div class=\"elementor-widget-container\">\n\t\t\t\t\t\t\t\t\t<h2>Plate-forme d&rsquo;information<\/h2>\n<p>Tu trouveras ici une source d&rsquo;informations compl\u00e8te sur l&rsquo;\u00e9levage d&rsquo;animaux, avec des normes d\u00e9taill\u00e9es, des guides sur le bien-\u00eatre des animaux, des informations sur les prix, la reconnaissance des d\u00e9fauts de rejet, ainsi que des ressources g\u00e9n\u00e9rales sur l&rsquo;\u00e9levage et la d\u00e9tention d&rsquo;animaux.<\/p>\n<p>Gr\u00e2ce \u00e0 des mises \u00e0 jour r\u00e9guli\u00e8res, les informations restent toujours d&rsquo;actualit\u00e9. Convient aussi bien aux \u00e9leveurs exp\u00e9riment\u00e9s qu&rsquo;aux d\u00e9butants.<\/p>\n\t\t\t\t\t\t\t\t<\/div>\n\t\t\t\t<\/div>\n\t\t\t\t\t<\/div>\n\t\t\t\t<\/div>\n\t\t<div class=\"elementor-element elementor-element-919b411 e-flex e-con-boxed e-con e-child\" data-id=\"919b411\" data-element_type=\"container\">\n\t\t\t\t\t<div class=\"e-con-inner\">\n\t\t\t\t<div class=\"elementor-element elementor-element-c9496a4 elementor-widget elementor-widget-shortcode\" data-id=\"c9496a4\" data-element_type=\"widget\" data-widget_type=\"shortcode.default\">\n\t\t\t\t<div class=\"elementor-widget-container\">\n\t\t\t\t\t\t\t<div class=\"elementor-shortcode\">\n\n<div id=\"ymc-smart-filter-container-1\" \r\n\t\t\t\t  class=\"ymc-smart-filter-container ymc-filter-2139 ymc-loaded-filter ymc-filter-custom-layout ymc-post-custom-layout ymc-pagination-load-more data-target-ymc2139-1 data-target-ymc1 filterable-posts-events-news\" data-loading=\"true\"\r\n\t\t\t\t  data-params='{\"cpt\":\"post\",\"tax\":\"category\",\"terms\":\"37,39,22,40,41,36,38\",\"default_terms\":\"\",\"exclude_posts\":\"off\",\"choices_posts\":\"\",\"posts_selected\":\"all\",\"preloader_icon\":\"preloader_1\",\"type_pg\":\"load-more\",\"per_page\":\"6\",\"page\":\"1\",\"page_scroll\":\"1\",\"preloader_filters\":\"none\",\"preloader_filters_rate\":\"0.5\",\"preloader_filters_custom\":\"\",\"post_animation\":\"\",\"popup_animation\":\"normal\",\"letter\":\"\",\"post_layout\":\"post-custom-layout\",\"filter_layout\":\"filter-custom-layout\",\"filter_id\":\"2139\",\"search\":\"\",\"search_filtered_posts\":\"0\",\"carousel_params\":&quot;&quot;,\"filter_date\":\"\",\"sort_order\":\"\",\"sort_orderby\":\"\",\"meta_key\":\"\",\"meta_query\":\"\",\"date_query\":\"\",\"data_target\":\"data-target-ymc1\",\"target_id\":\"1\",\"page_id\":\"0\"}'>\n<div id=\"search-layout\" class=\"search-layout\">\n\n    <form class=\"search-form\">\n\n        <div class=\"form-inner\">\n\n            <div class=\"component-input\">\n                <input id=\"field-search\" class=\"search-form__input field-search\" type=\"text\" name=\"search\" autocomplete=\"off\" value=\"\" placeholder=\"...\">\n                <ul class=\"autocomplete-results results\"><\/ul>\n                <span class=\"clear\"><i class=\"fas fa-times\"><\/i><\/span>\n            <\/div>\n\n            <button class=\"search-form__submit btn-submit\" type=\"submit\">\n                Chercher            <\/button>\n\n        <\/div>\n\n    <\/form>\n\n<\/div>\n\n\n\n\n\n\n\n\n\r\n<div id=\"filter-custom-layout1\" class=\"filter-layout filter-custom-layout filter-custom-layout-2139 filter-custom-layout-2139-1 \">\r\n\r\n\t\n    <script>\n        window.addEventListener('DOMContentLoaded', () => {\n            let _target = \".data-target-ymc1\";\n            document.querySelectorAll( _target + ' .filter-custom-layout [data-termid]' ).forEach((el) => {\n                el.addEventListener('click', function (e) {\n                    e.preventDefault();\n                    let ymc = YMCTools({\n                        target: _target,\n                        self: this\n                    });\n                    ymc.updateParams();\n                    ymc.getFilterPosts();\n                });\n            });\n        });\n    <\/script>\n\n    <ul><li><a class=\"all active\" href=\"#\" data-selected=\"all\" data-termid=\"37,39,22,41,40,36,38\">Tous les articles<\/a><\/li><li><a class=\"\" href=\"#\" data-selected=\"brut-aufzucht\" data-termid=\"37\"><i class=\"\" style=\"color:\"><\/i>Brut &amp; Aufzucht<\/a><\/li><li><a class=\"\" href=\"#\" data-selected=\"geflugelhaltung\" data-termid=\"39\"><i class=\"\" style=\"color:\"><\/i>Gefl\u00fcgelhaltung<\/a><\/li><li><a class=\"\" href=\"#\" data-selected=\"portrait\" data-termid=\"22\"><i class=\"\" style=\"color:\"><\/i>Portrait<\/a><\/li><li><a class=\"\" href=\"#\" data-selected=\"prospecierara\" data-termid=\"41\"><i class=\"\" style=\"color:\"><\/i>ProSpecieRara<\/a><\/li><li><a class=\"\" href=\"#\" data-selected=\"projekte\" data-termid=\"40\"><i class=\"\" style=\"color:\"><\/i>Projekte<\/a><\/li><li><a class=\"\" href=\"#\" data-selected=\"verein\" data-termid=\"36\"><i class=\"\" style=\"color:\"><\/i>Verein<\/a><\/li><li><a class=\"\" href=\"#\" data-selected=\"zucht\" data-termid=\"38\"><i class=\"\" style=\"color:\"><\/i>Zucht<\/a><\/li><\/ul><div class=\"posts-found\"><\/div>\r\n<\/div>\r\n<div class=\"container-posts container-post-custom-layout\"><div class=\"post-entry ymc-xs-col-1 ymc-sm-col-1 ymc-md-col-2 ymc-lg-col-2 ymc-xl-col-2 ymc-xxl-col-2 post-custom-layout post-custom-layout-2139 post-custom-layout-2139-1\"><\/div><\/div><\/div><\/div>\n\t\t\t\t\t\t<\/div>\n\t\t\t\t<\/div>\n\t\t\t\t\t<\/div>\n\t\t\t\t<\/div>\n\t\t\t\t\t<\/div>\n\t\t\t\t<\/div>\n\t\t\t\t<\/div>\n\t\t","protected":false},"excerpt":{"rendered":"<p>Plate-forme d&rsquo;information Tu trouveras ici une source d&rsquo;informations compl\u00e8te sur l&rsquo;\u00e9levage d&rsquo;animaux, avec des normes d\u00e9taill\u00e9es, des guides sur le bien-\u00eatre des animaux, des informations sur les prix, la reconnaissance des d\u00e9fauts de rejet, ainsi que des ressources g\u00e9n\u00e9rales sur l&rsquo;\u00e9levage et la d\u00e9tention d&rsquo;animaux. Gr\u00e2ce \u00e0 des mises \u00e0 jour r\u00e9guli\u00e8res, les informations restent [&hellip;]<\/p>\n","protected":false},"author":1,"featured_media":12563,"parent":0,"menu_order":0,"comment_status":"closed","ping_status":"closed","template":"","meta":{"_monsterinsights_skip_tracking":false,"_monsterinsights_sitenote_active":false,"_monsterinsights_sitenote_note":"","_monsterinsights_sitenote_category":0,"footnotes":""},"class_list":["post-2375","page","type-page","status-publish","has-post-thumbnail","hentry"],"yoast_head":"<!-- This site is optimized with the Yoast SEO plugin v26.8 - https:\/\/yoast.com\/product\/yoast-seo-wordpress\/ -->\r\n<title>Infos - ZUN Schweiz<\/title>\r\n<meta name=\"description\" content=\"Unser Bestreben ist es, die genetische Vielfalt der Schweizer Nutzgefl\u00fcgelrassen als Teil des Kulturerbes der Schweiz durch artgerechte Erhaltungszucht zu bewahren. Wir stellen unseren Mitgliedern nicht nur Fachwissen und Netzwerk zur Verf\u00fcgung, sondern unterst\u00fctzen die Zucht auch aktiv. Gemeinsam sensibilisieren wir die Bev\u00f6lkerung f\u00fcr einen bewussten und respektvollen Umgang mit Natur und Tier.\" \/>\r\n<meta name=\"robots\" content=\"index, follow, max-snippet:-1, max-image-preview:large, max-video-preview:-1\" \/>\r\n<link rel=\"canonical\" href=\"https:\/\/zun-schweiz.ch\/fr\/infos\/\" \/>\r\n<meta property=\"og:locale\" content=\"fr_FR\" \/>\r\n<meta property=\"og:type\" content=\"article\" \/>\r\n<meta property=\"og:title\" content=\"Infos - ZUN Schweiz\" \/>\r\n<meta property=\"og:description\" content=\"Unser Bestreben ist es, die genetische Vielfalt der Schweizer Nutzgefl\u00fcgelrassen als Teil des Kulturerbes der Schweiz durch artgerechte Erhaltungszucht zu bewahren. Wir stellen unseren Mitgliedern nicht nur Fachwissen und Netzwerk zur Verf\u00fcgung, sondern unterst\u00fctzen die Zucht auch aktiv. Gemeinsam sensibilisieren wir die Bev\u00f6lkerung f\u00fcr einen bewussten und respektvollen Umgang mit Natur und Tier.\" \/>\r\n<meta property=\"og:url\" content=\"https:\/\/zun-schweiz.ch\/fr\/infos\/\" \/>\r\n<meta property=\"og:site_name\" content=\"ZUN Schweiz\" \/>\r\n<meta property=\"article:publisher\" content=\"https:\/\/www.facebook.com\/zunschweiz.ch\/\" \/>\r\n<meta property=\"article:modified_time\" content=\"2024-02-19T09:21:39+00:00\" \/>\r\n<meta property=\"og:image\" content=\"https:\/\/zun-schweiz.ch\/wp-content\/uploads\/2024\/01\/DSC00097-scaled-e1707248831603.jpg\" \/>\r\n\t<meta property=\"og:image:width\" content=\"2560\" \/>\r\n\t<meta property=\"og:image:height\" content=\"1710\" \/>\r\n\t<meta property=\"og:image:type\" content=\"image\/jpeg\" \/>\r\n<meta name=\"twitter:card\" content=\"summary_large_image\" \/>\r\n<script type=\"application\/ld+json\" class=\"yoast-schema-graph\">{\"@context\":\"https:\/\/schema.org\",\"@graph\":[{\"@type\":\"WebPage\",\"@id\":\"https:\/\/zun-schweiz.ch\/fr\/infos\/\",\"url\":\"https:\/\/zun-schweiz.ch\/fr\/infos\/\",\"name\":\"Infos - ZUN Schweiz\",\"isPartOf\":{\"@id\":\"https:\/\/zun-schweiz.ch\/#website\"},\"primaryImageOfPage\":{\"@id\":\"https:\/\/zun-schweiz.ch\/fr\/infos\/#primaryimage\"},\"image\":{\"@id\":\"https:\/\/zun-schweiz.ch\/fr\/infos\/#primaryimage\"},\"thumbnailUrl\":\"https:\/\/zun-schweiz.ch\/wp-content\/uploads\/2026\/01\/056A5364-scaled.jpg\",\"datePublished\":\"2023-11-07T15:10:52+00:00\",\"dateModified\":\"2024-02-19T09:21:39+00:00\",\"description\":\"Unser Bestreben ist es, die genetische Vielfalt der Schweizer Nutzgefl\u00fcgelrassen als Teil des Kulturerbes der Schweiz durch artgerechte Erhaltungszucht zu bewahren. Wir stellen unseren Mitgliedern nicht nur Fachwissen und Netzwerk zur Verf\u00fcgung, sondern unterst\u00fctzen die Zucht auch aktiv. Gemeinsam sensibilisieren wir die Bev\u00f6lkerung f\u00fcr einen bewussten und respektvollen Umgang mit Natur und Tier.\",\"breadcrumb\":{\"@id\":\"https:\/\/zun-schweiz.ch\/fr\/infos\/#breadcrumb\"},\"inLanguage\":\"fr-FR\",\"potentialAction\":[{\"@type\":\"ReadAction\",\"target\":[\"https:\/\/zun-schweiz.ch\/fr\/infos\/\"]}]},{\"@type\":\"ImageObject\",\"inLanguage\":\"fr-FR\",\"@id\":\"https:\/\/zun-schweiz.ch\/fr\/infos\/#primaryimage\",\"url\":\"https:\/\/zun-schweiz.ch\/wp-content\/uploads\/2026\/01\/056A5364-scaled.jpg\",\"contentUrl\":\"https:\/\/zun-schweiz.ch\/wp-content\/uploads\/2026\/01\/056A5364-scaled.jpg\",\"width\":2560,\"height\":1707},{\"@type\":\"BreadcrumbList\",\"@id\":\"https:\/\/zun-schweiz.ch\/fr\/infos\/#breadcrumb\",\"itemListElement\":[{\"@type\":\"ListItem\",\"position\":1,\"name\":\"Startseite\",\"item\":\"https:\/\/zun-schweiz.ch\/fr\/accueil\/\"},{\"@type\":\"ListItem\",\"position\":2,\"name\":\"Infos\"}]},{\"@type\":\"WebSite\",\"@id\":\"https:\/\/zun-schweiz.ch\/#website\",\"url\":\"https:\/\/zun-schweiz.ch\/\",\"name\":\"ZUN Schweiz\",\"description\":\"\",\"publisher\":{\"@id\":\"https:\/\/zun-schweiz.ch\/#organization\"},\"potentialAction\":[{\"@type\":\"SearchAction\",\"target\":{\"@type\":\"EntryPoint\",\"urlTemplate\":\"https:\/\/zun-schweiz.ch\/?s={search_term_string}\"},\"query-input\":{\"@type\":\"PropertyValueSpecification\",\"valueRequired\":true,\"valueName\":\"search_term_string\"}}],\"inLanguage\":\"fr-FR\"},{\"@type\":\"Organization\",\"@id\":\"https:\/\/zun-schweiz.ch\/#organization\",\"name\":\"ZUN Schweiz\",\"url\":\"https:\/\/zun-schweiz.ch\/\",\"logo\":{\"@type\":\"ImageObject\",\"inLanguage\":\"fr-FR\",\"@id\":\"https:\/\/zun-schweiz.ch\/#\/schema\/logo\/image\/\",\"url\":\"https:\/\/zun-schweiz.ch\/wp-content\/uploads\/2023\/11\/zun_091031_cmyk-07.jpg\",\"contentUrl\":\"https:\/\/zun-schweiz.ch\/wp-content\/uploads\/2023\/11\/zun_091031_cmyk-07.jpg\",\"width\":2378,\"height\":820,\"caption\":\"ZUN Schweiz\"},\"image\":{\"@id\":\"https:\/\/zun-schweiz.ch\/#\/schema\/logo\/image\/\"},\"sameAs\":[\"https:\/\/www.facebook.com\/zunschweiz.ch\/\",\"https:\/\/www.instagram.com\/zun_schweiz\/?hl=en\"]}]}<\/script>\r\n<!-- \/ Yoast SEO plugin. -->","yoast_head_json":{"title":"Infos - ZUN Schweiz","description":"Unser Bestreben ist es, die genetische Vielfalt der Schweizer Nutzgefl\u00fcgelrassen als Teil des Kulturerbes der Schweiz durch artgerechte Erhaltungszucht zu bewahren. Wir stellen unseren Mitgliedern nicht nur Fachwissen und Netzwerk zur Verf\u00fcgung, sondern unterst\u00fctzen die Zucht auch aktiv. Gemeinsam sensibilisieren wir die Bev\u00f6lkerung f\u00fcr einen bewussten und respektvollen Umgang mit Natur und Tier.","robots":{"index":"index","follow":"follow","max-snippet":"max-snippet:-1","max-image-preview":"max-image-preview:large","max-video-preview":"max-video-preview:-1"},"canonical":"https:\/\/zun-schweiz.ch\/fr\/infos\/","og_locale":"fr_FR","og_type":"article","og_title":"Infos - ZUN Schweiz","og_description":"Unser Bestreben ist es, die genetische Vielfalt der Schweizer Nutzgefl\u00fcgelrassen als Teil des Kulturerbes der Schweiz durch artgerechte Erhaltungszucht zu bewahren. Wir stellen unseren Mitgliedern nicht nur Fachwissen und Netzwerk zur Verf\u00fcgung, sondern unterst\u00fctzen die Zucht auch aktiv. Gemeinsam sensibilisieren wir die Bev\u00f6lkerung f\u00fcr einen bewussten und respektvollen Umgang mit Natur und Tier.","og_url":"https:\/\/zun-schweiz.ch\/fr\/infos\/","og_site_name":"ZUN Schweiz","article_publisher":"https:\/\/www.facebook.com\/zunschweiz.ch\/","article_modified_time":"2024-02-19T09:21:39+00:00","og_image":[{"width":2560,"height":1710,"url":"https:\/\/zun-schweiz.ch\/wp-content\/uploads\/2024\/01\/DSC00097-scaled-e1707248831603.jpg","type":"image\/jpeg"}],"twitter_card":"summary_large_image","schema":{"@context":"https:\/\/schema.org","@graph":[{"@type":"WebPage","@id":"https:\/\/zun-schweiz.ch\/fr\/infos\/","url":"https:\/\/zun-schweiz.ch\/fr\/infos\/","name":"Infos - ZUN Schweiz","isPartOf":{"@id":"https:\/\/zun-schweiz.ch\/#website"},"primaryImageOfPage":{"@id":"https:\/\/zun-schweiz.ch\/fr\/infos\/#primaryimage"},"image":{"@id":"https:\/\/zun-schweiz.ch\/fr\/infos\/#primaryimage"},"thumbnailUrl":"https:\/\/zun-schweiz.ch\/wp-content\/uploads\/2026\/01\/056A5364-scaled.jpg","datePublished":"2023-11-07T15:10:52+00:00","dateModified":"2024-02-19T09:21:39+00:00","description":"Unser Bestreben ist es, die genetische Vielfalt der Schweizer Nutzgefl\u00fcgelrassen als Teil des Kulturerbes der Schweiz durch artgerechte Erhaltungszucht zu bewahren. Wir stellen unseren Mitgliedern nicht nur Fachwissen und Netzwerk zur Verf\u00fcgung, sondern unterst\u00fctzen die Zucht auch aktiv. Gemeinsam sensibilisieren wir die Bev\u00f6lkerung f\u00fcr einen bewussten und respektvollen Umgang mit Natur und Tier.","breadcrumb":{"@id":"https:\/\/zun-schweiz.ch\/fr\/infos\/#breadcrumb"},"inLanguage":"fr-FR","potentialAction":[{"@type":"ReadAction","target":["https:\/\/zun-schweiz.ch\/fr\/infos\/"]}]},{"@type":"ImageObject","inLanguage":"fr-FR","@id":"https:\/\/zun-schweiz.ch\/fr\/infos\/#primaryimage","url":"https:\/\/zun-schweiz.ch\/wp-content\/uploads\/2026\/01\/056A5364-scaled.jpg","contentUrl":"https:\/\/zun-schweiz.ch\/wp-content\/uploads\/2026\/01\/056A5364-scaled.jpg","width":2560,"height":1707},{"@type":"BreadcrumbList","@id":"https:\/\/zun-schweiz.ch\/fr\/infos\/#breadcrumb","itemListElement":[{"@type":"ListItem","position":1,"name":"Startseite","item":"https:\/\/zun-schweiz.ch\/fr\/accueil\/"},{"@type":"ListItem","position":2,"name":"Infos"}]},{"@type":"WebSite","@id":"https:\/\/zun-schweiz.ch\/#website","url":"https:\/\/zun-schweiz.ch\/","name":"ZUN Schweiz","description":"","publisher":{"@id":"https:\/\/zun-schweiz.ch\/#organization"},"potentialAction":[{"@type":"SearchAction","target":{"@type":"EntryPoint","urlTemplate":"https:\/\/zun-schweiz.ch\/?s={search_term_string}"},"query-input":{"@type":"PropertyValueSpecification","valueRequired":true,"valueName":"search_term_string"}}],"inLanguage":"fr-FR"},{"@type":"Organization","@id":"https:\/\/zun-schweiz.ch\/#organization","name":"ZUN Schweiz","url":"https:\/\/zun-schweiz.ch\/","logo":{"@type":"ImageObject","inLanguage":"fr-FR","@id":"https:\/\/zun-schweiz.ch\/#\/schema\/logo\/image\/","url":"https:\/\/zun-schweiz.ch\/wp-content\/uploads\/2023\/11\/zun_091031_cmyk-07.jpg","contentUrl":"https:\/\/zun-schweiz.ch\/wp-content\/uploads\/2023\/11\/zun_091031_cmyk-07.jpg","width":2378,"height":820,"caption":"ZUN Schweiz"},"image":{"@id":"https:\/\/zun-schweiz.ch\/#\/schema\/logo\/image\/"},"sameAs":["https:\/\/www.facebook.com\/zunschweiz.ch\/","https:\/\/www.instagram.com\/zun_schweiz\/?hl=en"]}]}},"_links":{"self":[{"href":"https:\/\/zun-schweiz.ch\/fr\/wp-json\/wp\/v2\/pages\/2375","targetHints":{"allow":["GET"]}}],"collection":[{"href":"https:\/\/zun-schweiz.ch\/fr\/wp-json\/wp\/v2\/pages"}],"about":[{"href":"https:\/\/zun-schweiz.ch\/fr\/wp-json\/wp\/v2\/types\/page"}],"author":[{"embeddable":true,"href":"https:\/\/zun-schweiz.ch\/fr\/wp-json\/wp\/v2\/users\/1"}],"replies":[{"embeddable":true,"href":"https:\/\/zun-schweiz.ch\/fr\/wp-json\/wp\/v2\/comments?post=2375"}],"version-history":[{"count":3,"href":"https:\/\/zun-schweiz.ch\/fr\/wp-json\/wp\/v2\/pages\/2375\/revisions"}],"predecessor-version":[{"id":3026,"href":"https:\/\/zun-schweiz.ch\/fr\/wp-json\/wp\/v2\/pages\/2375\/revisions\/3026"}],"wp:featuredmedia":[{"embeddable":true,"href":"https:\/\/zun-schweiz.ch\/fr\/wp-json\/wp\/v2\/media\/12563"}],"wp:attachment":[{"href":"https:\/\/zun-schweiz.ch\/fr\/wp-json\/wp\/v2\/media?parent=2375"}],"curies":[{"name":"wp","href":"https:\/\/api.w.org\/{rel}","templated":true}]}}