{"id":2376,"date":"2023-11-15T12:55:35","date_gmt":"2023-11-15T12:55:35","guid":{"rendered":"https:\/\/2024.zun-schweiz.ch\/devenir-membre\/"},"modified":"2024-10-25T08:23:48","modified_gmt":"2024-10-25T08:23:48","slug":"devenir-membre","status":"publish","type":"page","link":"https:\/\/zun-schweiz.ch\/fr\/devenir-membre\/","title":{"rendered":"Devenir membre"},"content":{"rendered":"\t\t<div data-elementor-type=\"wp-page\" data-elementor-id=\"2376\" class=\"elementor elementor-2376 elementor-739\" data-elementor-post-type=\"page\">\n\t\t\t\t<div class=\"elementor-element elementor-element-109bcf7 e-flex e-con-boxed e-con e-parent\" data-id=\"109bcf7\" data-element_type=\"container\">\n\t\t\t\t\t<div class=\"e-con-inner\">\n\t\t\t\t<div class=\"elementor-element elementor-element-836bea2 elementor-widget elementor-widget-heading\" data-id=\"836bea2\" data-element_type=\"widget\" data-widget_type=\"heading.default\">\n\t\t\t\t<div class=\"elementor-widget-container\">\n\t\t\t\t\t<h2 class=\"elementor-heading-title elementor-size-default\">Devenir membre<\/h2>\t\t\t\t<\/div>\n\t\t\t\t<\/div>\n\t\t\t\t<div class=\"elementor-element elementor-element-8cbc085 elementor-widget elementor-widget-text-editor\" data-id=\"8cbc085\" data-element_type=\"widget\" data-widget_type=\"text-editor.default\">\n\t\t\t\t<div class=\"elementor-widget-container\">\n\t\t\t\t\t\t\t\t\t<p><b>Nous te remercions de l&rsquo;int\u00e9r\u00eat que tu portes \u00e0 l&rsquo;Association d&rsquo;\u00e9levage de volailles de rente d&rsquo;origine.&nbsp;<\/b><\/p>\n<p>Notre ambition est de pr\u00e9server la diversit\u00e9 g\u00e9n\u00e9tique des races de volailles de rente suisses en tant qu&rsquo;\u00e9l\u00e9ment du patrimoine culturel de la Suisse gr\u00e2ce \u00e0 un \u00e9levage de conservation adapt\u00e9 \u00e0 l&rsquo;esp\u00e8ce. Nous ne mettons pas seulement notre expertise et notre r\u00e9seau \u00e0 la disposition de nos membres, mais nous soutenons aussi activement l&rsquo;\u00e9levage. Ensemble, nous sensibilisons la population \u00e0 une approche consciente et respectueuse de la nature et des animaux.<\/p>\n<p>Peut devenir <b>membre actif <\/b>tout d\u00e9tenteur d&rsquo;un cheptel reproducteur qui s&rsquo;engage \u00e0 respecter les statuts, les d\u00e9cisions et les r\u00e8glements de l&rsquo;association d&rsquo;\u00e9levage, \u00e0 maintenir la puret\u00e9 de sa race et \u00e0 fournir au responsable du herd-book les informations n\u00e9cessaires \u00e0 la tenue du herd-book (annonce du cheptel reproducteur avant le d\u00e9but de chaque saison de reproduction, ainsi qu&rsquo;annonce de tous les jeunes apr\u00e8s baguage, annonce de vente et annonce de d\u00e9c\u00e8s). Les membres actifs sont annonc\u00e9s aupr\u00e8s de Petits animaux Suisse en tant que membres actifs et peuvent profiter des offres de Petits animaux Suisse et de Volailles de race Suisse.<\/p>\n<p>Peut \u00eatre <b>membre passif<\/b> tout d\u00e9tenteur d&rsquo;animaux des races promues et toute personne physique ou morale favorable aux objectifs de l&rsquo;association.<\/p>\n<p>La cotisation de membre te co\u00fbte <b>60 CHF par an.<\/b><\/p>\n<p>Le passage de membre passif \u00e0 membre actif peut \u00eatre demand\u00e9 \u00e0 tout moment au comit\u00e9 directeur.<\/p>\n\t\t\t\t\t\t\t\t<\/div>\n\t\t\t\t<\/div>\n\t\t\t\t<div class=\"elementor-element elementor-element-cde3d64 elementor-widget elementor-widget-html\" data-id=\"cde3d64\" data-element_type=\"widget\" data-widget_type=\"html.default\">\n\t\t\t\t<div class=\"elementor-widget-container\">\n\t\t\t\t\t<iframe src=\"https:\/\/zunschweiz.webling.ch\/forms\/memberform\/791a3c3726df5bd6bb03\" frameborder=\"0\" style=\"overflow: hidden; min-height: 1550px; width: 100%\" height=\"100%\" width=\"100%\"><\/iframe>\t\t\t\t<\/div>\n\t\t\t\t<\/div>\n\t\t\t\t\t<\/div>\n\t\t\t\t<\/div>\n\t\t\t\t<\/div>\n\t\t","protected":false},"excerpt":{"rendered":"<p>Devenir membre Nous te remercions de l&rsquo;int\u00e9r\u00eat que tu portes \u00e0 l&rsquo;Association d&rsquo;\u00e9levage de volailles de rente d&rsquo;origine.&nbsp; Notre ambition est de pr\u00e9server la diversit\u00e9 g\u00e9n\u00e9tique des races de volailles de rente suisses en tant qu&rsquo;\u00e9l\u00e9ment du patrimoine culturel de la Suisse gr\u00e2ce \u00e0 un \u00e9levage de conservation adapt\u00e9 \u00e0 l&rsquo;esp\u00e8ce. Nous ne mettons pas [&hellip;]<\/p>\n","protected":false},"author":1,"featured_media":1873,"parent":0,"menu_order":0,"comment_status":"closed","ping_status":"closed","template":"","meta":{"_monsterinsights_skip_tracking":false,"_monsterinsights_sitenote_active":false,"_monsterinsights_sitenote_note":"","_monsterinsights_sitenote_category":0,"footnotes":""},"class_list":["post-2376","page","type-page","status-publish","has-post-thumbnail","hentry"],"yoast_head":"<!-- This site is optimized with the Yoast SEO plugin v26.8 - https:\/\/yoast.com\/product\/yoast-seo-wordpress\/ -->\r\n<title>Devenir membre - ZUN Schweiz<\/title>\r\n<meta name=\"description\" content=\"Unser Bestreben ist es, die genetische Vielfalt der Schweizer Nutzgefl\u00fcgelrassen als Teil des Kulturerbes der Schweiz durch artgerechte Erhaltungszucht zu bewahren. Wir stellen unseren Mitgliedern nicht nur Fachwissen und Netzwerk zur Verf\u00fcgung, sondern unterst\u00fctzen die Zucht auch aktiv. Gemeinsam sensibilisieren wir die Bev\u00f6lkerung f\u00fcr einen bewussten und respektvollen Umgang mit Natur und Tier.\" \/>\r\n<meta name=\"robots\" content=\"index, follow, max-snippet:-1, max-image-preview:large, max-video-preview:-1\" \/>\r\n<link rel=\"canonical\" href=\"https:\/\/zun-schweiz.ch\/fr\/devenir-membre\/\" \/>\r\n<meta property=\"og:locale\" content=\"fr_FR\" \/>\r\n<meta property=\"og:type\" content=\"article\" \/>\r\n<meta property=\"og:title\" content=\"Devenir membre - ZUN Schweiz\" \/>\r\n<meta property=\"og:description\" content=\"Unser Bestreben ist es, die genetische Vielfalt der Schweizer Nutzgefl\u00fcgelrassen als Teil des Kulturerbes der Schweiz durch artgerechte Erhaltungszucht zu bewahren. Wir stellen unseren Mitgliedern nicht nur Fachwissen und Netzwerk zur Verf\u00fcgung, sondern unterst\u00fctzen die Zucht auch aktiv. Gemeinsam sensibilisieren wir die Bev\u00f6lkerung f\u00fcr einen bewussten und respektvollen Umgang mit Natur und Tier.\" \/>\r\n<meta property=\"og:url\" content=\"https:\/\/zun-schweiz.ch\/fr\/devenir-membre\/\" \/>\r\n<meta property=\"og:site_name\" content=\"ZUN Schweiz\" \/>\r\n<meta property=\"article:publisher\" content=\"https:\/\/www.facebook.com\/zunschweiz.ch\/\" \/>\r\n<meta property=\"article:modified_time\" content=\"2024-10-25T08:23:48+00:00\" \/>\r\n<meta property=\"og:image\" content=\"https:\/\/zun-schweiz.ch\/wp-content\/uploads\/2023\/11\/Home-Header-Image.jpg\" \/>\r\n\t<meta property=\"og:image:width\" content=\"1920\" \/>\r\n\t<meta property=\"og:image:height\" content=\"728\" \/>\r\n\t<meta property=\"og:image:type\" content=\"image\/jpeg\" \/>\r\n<meta name=\"twitter:card\" content=\"summary_large_image\" \/>\r\n<meta name=\"twitter:label1\" content=\"Dur\u00e9e de lecture estim\u00e9e\" \/>\n\t<meta name=\"twitter:data1\" content=\"1 minute\" \/>\r\n<script type=\"application\/ld+json\" class=\"yoast-schema-graph\">{\"@context\":\"https:\/\/schema.org\",\"@graph\":[{\"@type\":\"WebPage\",\"@id\":\"https:\/\/zun-schweiz.ch\/fr\/devenir-membre\/\",\"url\":\"https:\/\/zun-schweiz.ch\/fr\/devenir-membre\/\",\"name\":\"Devenir membre - ZUN Schweiz\",\"isPartOf\":{\"@id\":\"https:\/\/zun-schweiz.ch\/#website\"},\"primaryImageOfPage\":{\"@id\":\"https:\/\/zun-schweiz.ch\/fr\/devenir-membre\/#primaryimage\"},\"image\":{\"@id\":\"https:\/\/zun-schweiz.ch\/fr\/devenir-membre\/#primaryimage\"},\"thumbnailUrl\":\"https:\/\/zun-schweiz.ch\/wp-content\/uploads\/2023\/11\/Home-Header-Image.jpg\",\"datePublished\":\"2023-11-15T12:55:35+00:00\",\"dateModified\":\"2024-10-25T08:23:48+00:00\",\"description\":\"Unser Bestreben ist es, die genetische Vielfalt der Schweizer Nutzgefl\u00fcgelrassen als Teil des Kulturerbes der Schweiz durch artgerechte Erhaltungszucht zu bewahren. Wir stellen unseren Mitgliedern nicht nur Fachwissen und Netzwerk zur Verf\u00fcgung, sondern unterst\u00fctzen die Zucht auch aktiv. Gemeinsam sensibilisieren wir die Bev\u00f6lkerung f\u00fcr einen bewussten und respektvollen Umgang mit Natur und Tier.\",\"breadcrumb\":{\"@id\":\"https:\/\/zun-schweiz.ch\/fr\/devenir-membre\/#breadcrumb\"},\"inLanguage\":\"fr-FR\",\"potentialAction\":[{\"@type\":\"ReadAction\",\"target\":[\"https:\/\/zun-schweiz.ch\/fr\/devenir-membre\/\"]}]},{\"@type\":\"ImageObject\",\"inLanguage\":\"fr-FR\",\"@id\":\"https:\/\/zun-schweiz.ch\/fr\/devenir-membre\/#primaryimage\",\"url\":\"https:\/\/zun-schweiz.ch\/wp-content\/uploads\/2023\/11\/Home-Header-Image.jpg\",\"contentUrl\":\"https:\/\/zun-schweiz.ch\/wp-content\/uploads\/2023\/11\/Home-Header-Image.jpg\",\"width\":1920,\"height\":728},{\"@type\":\"BreadcrumbList\",\"@id\":\"https:\/\/zun-schweiz.ch\/fr\/devenir-membre\/#breadcrumb\",\"itemListElement\":[{\"@type\":\"ListItem\",\"position\":1,\"name\":\"Startseite\",\"item\":\"https:\/\/zun-schweiz.ch\/fr\/accueil\/\"},{\"@type\":\"ListItem\",\"position\":2,\"name\":\"Devenir membre\"}]},{\"@type\":\"WebSite\",\"@id\":\"https:\/\/zun-schweiz.ch\/#website\",\"url\":\"https:\/\/zun-schweiz.ch\/\",\"name\":\"ZUN Schweiz\",\"description\":\"\",\"publisher\":{\"@id\":\"https:\/\/zun-schweiz.ch\/#organization\"},\"potentialAction\":[{\"@type\":\"SearchAction\",\"target\":{\"@type\":\"EntryPoint\",\"urlTemplate\":\"https:\/\/zun-schweiz.ch\/?s={search_term_string}\"},\"query-input\":{\"@type\":\"PropertyValueSpecification\",\"valueRequired\":true,\"valueName\":\"search_term_string\"}}],\"inLanguage\":\"fr-FR\"},{\"@type\":\"Organization\",\"@id\":\"https:\/\/zun-schweiz.ch\/#organization\",\"name\":\"ZUN Schweiz\",\"url\":\"https:\/\/zun-schweiz.ch\/\",\"logo\":{\"@type\":\"ImageObject\",\"inLanguage\":\"fr-FR\",\"@id\":\"https:\/\/zun-schweiz.ch\/#\/schema\/logo\/image\/\",\"url\":\"https:\/\/zun-schweiz.ch\/wp-content\/uploads\/2023\/11\/zun_091031_cmyk-07.jpg\",\"contentUrl\":\"https:\/\/zun-schweiz.ch\/wp-content\/uploads\/2023\/11\/zun_091031_cmyk-07.jpg\",\"width\":2378,\"height\":820,\"caption\":\"ZUN Schweiz\"},\"image\":{\"@id\":\"https:\/\/zun-schweiz.ch\/#\/schema\/logo\/image\/\"},\"sameAs\":[\"https:\/\/www.facebook.com\/zunschweiz.ch\/\",\"https:\/\/www.instagram.com\/zun_schweiz\/?hl=en\"]}]}<\/script>\r\n<!-- \/ Yoast SEO plugin. -->","yoast_head_json":{"title":"Devenir membre - ZUN Schweiz","description":"Unser Bestreben ist es, die genetische Vielfalt der Schweizer Nutzgefl\u00fcgelrassen als Teil des Kulturerbes der Schweiz durch artgerechte Erhaltungszucht zu bewahren. Wir stellen unseren Mitgliedern nicht nur Fachwissen und Netzwerk zur Verf\u00fcgung, sondern unterst\u00fctzen die Zucht auch aktiv. Gemeinsam sensibilisieren wir die Bev\u00f6lkerung f\u00fcr einen bewussten und respektvollen Umgang mit Natur und Tier.","robots":{"index":"index","follow":"follow","max-snippet":"max-snippet:-1","max-image-preview":"max-image-preview:large","max-video-preview":"max-video-preview:-1"},"canonical":"https:\/\/zun-schweiz.ch\/fr\/devenir-membre\/","og_locale":"fr_FR","og_type":"article","og_title":"Devenir membre - ZUN Schweiz","og_description":"Unser Bestreben ist es, die genetische Vielfalt der Schweizer Nutzgefl\u00fcgelrassen als Teil des Kulturerbes der Schweiz durch artgerechte Erhaltungszucht zu bewahren. Wir stellen unseren Mitgliedern nicht nur Fachwissen und Netzwerk zur Verf\u00fcgung, sondern unterst\u00fctzen die Zucht auch aktiv. Gemeinsam sensibilisieren wir die Bev\u00f6lkerung f\u00fcr einen bewussten und respektvollen Umgang mit Natur und Tier.","og_url":"https:\/\/zun-schweiz.ch\/fr\/devenir-membre\/","og_site_name":"ZUN Schweiz","article_publisher":"https:\/\/www.facebook.com\/zunschweiz.ch\/","article_modified_time":"2024-10-25T08:23:48+00:00","og_image":[{"width":1920,"height":728,"url":"https:\/\/zun-schweiz.ch\/wp-content\/uploads\/2023\/11\/Home-Header-Image.jpg","type":"image\/jpeg"}],"twitter_card":"summary_large_image","twitter_misc":{"Dur\u00e9e de lecture estim\u00e9e":"1 minute"},"schema":{"@context":"https:\/\/schema.org","@graph":[{"@type":"WebPage","@id":"https:\/\/zun-schweiz.ch\/fr\/devenir-membre\/","url":"https:\/\/zun-schweiz.ch\/fr\/devenir-membre\/","name":"Devenir membre - ZUN Schweiz","isPartOf":{"@id":"https:\/\/zun-schweiz.ch\/#website"},"primaryImageOfPage":{"@id":"https:\/\/zun-schweiz.ch\/fr\/devenir-membre\/#primaryimage"},"image":{"@id":"https:\/\/zun-schweiz.ch\/fr\/devenir-membre\/#primaryimage"},"thumbnailUrl":"https:\/\/zun-schweiz.ch\/wp-content\/uploads\/2023\/11\/Home-Header-Image.jpg","datePublished":"2023-11-15T12:55:35+00:00","dateModified":"2024-10-25T08:23:48+00:00","description":"Unser Bestreben ist es, die genetische Vielfalt der Schweizer Nutzgefl\u00fcgelrassen als Teil des Kulturerbes der Schweiz durch artgerechte Erhaltungszucht zu bewahren. Wir stellen unseren Mitgliedern nicht nur Fachwissen und Netzwerk zur Verf\u00fcgung, sondern unterst\u00fctzen die Zucht auch aktiv. Gemeinsam sensibilisieren wir die Bev\u00f6lkerung f\u00fcr einen bewussten und respektvollen Umgang mit Natur und Tier.","breadcrumb":{"@id":"https:\/\/zun-schweiz.ch\/fr\/devenir-membre\/#breadcrumb"},"inLanguage":"fr-FR","potentialAction":[{"@type":"ReadAction","target":["https:\/\/zun-schweiz.ch\/fr\/devenir-membre\/"]}]},{"@type":"ImageObject","inLanguage":"fr-FR","@id":"https:\/\/zun-schweiz.ch\/fr\/devenir-membre\/#primaryimage","url":"https:\/\/zun-schweiz.ch\/wp-content\/uploads\/2023\/11\/Home-Header-Image.jpg","contentUrl":"https:\/\/zun-schweiz.ch\/wp-content\/uploads\/2023\/11\/Home-Header-Image.jpg","width":1920,"height":728},{"@type":"BreadcrumbList","@id":"https:\/\/zun-schweiz.ch\/fr\/devenir-membre\/#breadcrumb","itemListElement":[{"@type":"ListItem","position":1,"name":"Startseite","item":"https:\/\/zun-schweiz.ch\/fr\/accueil\/"},{"@type":"ListItem","position":2,"name":"Devenir membre"}]},{"@type":"WebSite","@id":"https:\/\/zun-schweiz.ch\/#website","url":"https:\/\/zun-schweiz.ch\/","name":"ZUN Schweiz","description":"","publisher":{"@id":"https:\/\/zun-schweiz.ch\/#organization"},"potentialAction":[{"@type":"SearchAction","target":{"@type":"EntryPoint","urlTemplate":"https:\/\/zun-schweiz.ch\/?s={search_term_string}"},"query-input":{"@type":"PropertyValueSpecification","valueRequired":true,"valueName":"search_term_string"}}],"inLanguage":"fr-FR"},{"@type":"Organization","@id":"https:\/\/zun-schweiz.ch\/#organization","name":"ZUN Schweiz","url":"https:\/\/zun-schweiz.ch\/","logo":{"@type":"ImageObject","inLanguage":"fr-FR","@id":"https:\/\/zun-schweiz.ch\/#\/schema\/logo\/image\/","url":"https:\/\/zun-schweiz.ch\/wp-content\/uploads\/2023\/11\/zun_091031_cmyk-07.jpg","contentUrl":"https:\/\/zun-schweiz.ch\/wp-content\/uploads\/2023\/11\/zun_091031_cmyk-07.jpg","width":2378,"height":820,"caption":"ZUN Schweiz"},"image":{"@id":"https:\/\/zun-schweiz.ch\/#\/schema\/logo\/image\/"},"sameAs":["https:\/\/www.facebook.com\/zunschweiz.ch\/","https:\/\/www.instagram.com\/zun_schweiz\/?hl=en"]}]}},"_links":{"self":[{"href":"https:\/\/zun-schweiz.ch\/fr\/wp-json\/wp\/v2\/pages\/2376","targetHints":{"allow":["GET"]}}],"collection":[{"href":"https:\/\/zun-schweiz.ch\/fr\/wp-json\/wp\/v2\/pages"}],"about":[{"href":"https:\/\/zun-schweiz.ch\/fr\/wp-json\/wp\/v2\/types\/page"}],"author":[{"embeddable":true,"href":"https:\/\/zun-schweiz.ch\/fr\/wp-json\/wp\/v2\/users\/1"}],"replies":[{"embeddable":true,"href":"https:\/\/zun-schweiz.ch\/fr\/wp-json\/wp\/v2\/comments?post=2376"}],"version-history":[{"count":11,"href":"https:\/\/zun-schweiz.ch\/fr\/wp-json\/wp\/v2\/pages\/2376\/revisions"}],"predecessor-version":[{"id":6831,"href":"https:\/\/zun-schweiz.ch\/fr\/wp-json\/wp\/v2\/pages\/2376\/revisions\/6831"}],"wp:featuredmedia":[{"embeddable":true,"href":"https:\/\/zun-schweiz.ch\/fr\/wp-json\/wp\/v2\/media\/1873"}],"wp:attachment":[{"href":"https:\/\/zun-schweiz.ch\/fr\/wp-json\/wp\/v2\/media?parent=2376"}],"curies":[{"name":"wp","href":"https:\/\/api.w.org\/{rel}","templated":true}]}}