{"id":2389,"date":"2023-11-15T12:55:35","date_gmt":"2023-11-15T12:55:35","guid":{"rendered":"https:\/\/2024.zun-schweiz.ch\/diventa-membro\/"},"modified":"2024-05-07T10:15:42","modified_gmt":"2024-05-07T10:15:42","slug":"diventa-membro","status":"publish","type":"page","link":"https:\/\/zun-schweiz.ch\/it\/diventa-membro\/","title":{"rendered":"Diventa membro"},"content":{"rendered":"\t\t<div data-elementor-type=\"wp-page\" data-elementor-id=\"2389\" class=\"elementor elementor-2389 elementor-739\" data-elementor-post-type=\"page\">\n\t\t\t\t<div class=\"elementor-element elementor-element-109bcf7 e-flex e-con-boxed e-con e-parent\" data-id=\"109bcf7\" data-element_type=\"container\">\n\t\t\t\t\t<div class=\"e-con-inner\">\n\t\t\t\t<div class=\"elementor-element elementor-element-836bea2 elementor-widget elementor-widget-heading\" data-id=\"836bea2\" data-element_type=\"widget\" data-widget_type=\"heading.default\">\n\t\t\t\t<div class=\"elementor-widget-container\">\n\t\t\t\t\t<h2 class=\"elementor-heading-title elementor-size-default\">Diventa membro<\/h2>\t\t\t\t<\/div>\n\t\t\t\t<\/div>\n\t\t\t\t<div class=\"elementor-element elementor-element-8cbc085 elementor-widget elementor-widget-text-editor\" data-id=\"8cbc085\" data-element_type=\"widget\" data-widget_type=\"text-editor.default\">\n\t\t\t\t<div class=\"elementor-widget-container\">\n\t\t\t\t\t\t\t\t\t<p><b>Vi ringraziamo per l&#8217;interesse dimostrato nell&#8217;aderire all&#8217;Associazione per l&#8217;allevamento del pollame da cortile originale.&nbsp;<\/b><\/p>\n<p>Ci impegniamo a preservare la diversit\u00e0 genetica delle razze avicole svizzere come parte del patrimonio culturale della Svizzera attraverso un allevamento conservativo adeguato alle specie. Non solo mettiamo a disposizione dei nostri membri competenze e una rete, ma sosteniamo attivamente l&#8217;allevamento. Insieme, sensibilizziamo la popolazione a un approccio consapevole e rispettoso della natura e degli animali.<\/p>\n<p><b>Membro attivo<\/b>  Possono diventare soci tutti i proprietari di un allevamento che si impegnano a rispettare gli statuti, le delibere e i regolamenti della ZUN, a mantenere la purezza del proprio allevamento e a fornire al responsabile del libro genealogico le informazioni necessarie per il libro genealogico (notifica dell&#8217;allevamento prima dell&#8217;inizio di ogni stagione riproduttiva, nonch\u00e9 notifica di tutti i giovani animali dopo l&#8217;inanellamento, notifica di vendita e notifica di morte). I soci attivi sono registrati presso Kleintiere Schweiz come soci attivi e possono beneficiare delle offerte di Kleintiere Schweiz e Rassegefl\u00fcgel Schweiz.<\/p>\n<p>Qualsiasi proprietario di animali delle razze promosse e qualsiasi persona fisica o giuridica simpatizzante degli sforzi dell&#8217;Associazione pu\u00f2 diventare <b>membro passivo<\/b>.<\/p>\n<p>La quota associativa costa <b>60 franchi all&#8217;anno<\/b>.<\/p>\n<p>Il passaggio da socio passivo a socio attivo pu\u00f2 essere richiesto al Consiglio di amministrazione in qualsiasi momento.<\/p>\n\t\t\t\t\t\t\t\t<\/div>\n\t\t\t\t<\/div>\n\t\t\t\t<div class=\"elementor-element elementor-element-cde3d64 elementor-widget elementor-widget-html\" data-id=\"cde3d64\" data-element_type=\"widget\" data-widget_type=\"html.default\">\n\t\t\t\t<div class=\"elementor-widget-container\">\n\t\t\t\t\t<iframe\nsrc=\"https:\/\/zunschweiz.webling.ch\/forms\/memberform\/41a8f6a6a52f119271ef\"\nframeborder=\"0\"\nstyle=\"overflow: hidden; min-height: 1000px; width: 100%\"\nheight=\"100%\"\nwidth=\"100%\"\n><\/iframe>\t\t\t\t<\/div>\n\t\t\t\t<\/div>\n\t\t\t\t\t<\/div>\n\t\t\t\t<\/div>\n\t\t\t\t<\/div>\n\t\t","protected":false},"excerpt":{"rendered":"<p>Diventa membro Vi ringraziamo per l&#8217;interesse dimostrato nell&#8217;aderire all&#8217;Associazione per l&#8217;allevamento del pollame da cortile originale.&nbsp; Ci impegniamo a preservare la diversit\u00e0 genetica delle razze avicole svizzere come parte del patrimonio culturale della Svizzera attraverso un allevamento conservativo adeguato alle specie. Non solo mettiamo a disposizione dei nostri membri competenze e una rete, ma sosteniamo [&hellip;]<\/p>\n","protected":false},"author":1,"featured_media":2391,"parent":0,"menu_order":0,"comment_status":"closed","ping_status":"closed","template":"","meta":{"_monsterinsights_skip_tracking":false,"_monsterinsights_sitenote_active":false,"_monsterinsights_sitenote_note":"","_monsterinsights_sitenote_category":0,"footnotes":""},"class_list":["post-2389","page","type-page","status-publish","has-post-thumbnail","hentry"],"yoast_head":"<!-- This site is optimized with the Yoast SEO plugin v26.8 - https:\/\/yoast.com\/product\/yoast-seo-wordpress\/ -->\r\n<title>Diventa membro - ZUN Schweiz<\/title>\r\n<meta name=\"description\" content=\"Unser Bestreben ist es, die genetische Vielfalt der Schweizer Nutzgefl\u00fcgelrassen als Teil des Kulturerbes der Schweiz durch artgerechte Erhaltungszucht zu bewahren. Wir stellen unseren Mitgliedern nicht nur Fachwissen und Netzwerk zur Verf\u00fcgung, sondern unterst\u00fctzen die Zucht auch aktiv. Gemeinsam sensibilisieren wir die Bev\u00f6lkerung f\u00fcr einen bewussten und respektvollen Umgang mit Natur und Tier.\" \/>\r\n<meta name=\"robots\" content=\"index, follow, max-snippet:-1, max-image-preview:large, max-video-preview:-1\" \/>\r\n<link rel=\"canonical\" href=\"https:\/\/zun-schweiz.ch\/it\/diventa-membro\/\" \/>\r\n<meta property=\"og:locale\" content=\"it_IT\" \/>\r\n<meta property=\"og:type\" content=\"article\" \/>\r\n<meta property=\"og:title\" content=\"Diventa membro - ZUN Schweiz\" \/>\r\n<meta property=\"og:description\" content=\"Unser Bestreben ist es, die genetische Vielfalt der Schweizer Nutzgefl\u00fcgelrassen als Teil des Kulturerbes der Schweiz durch artgerechte Erhaltungszucht zu bewahren. Wir stellen unseren Mitgliedern nicht nur Fachwissen und Netzwerk zur Verf\u00fcgung, sondern unterst\u00fctzen die Zucht auch aktiv. Gemeinsam sensibilisieren wir die Bev\u00f6lkerung f\u00fcr einen bewussten und respektvollen Umgang mit Natur und Tier.\" \/>\r\n<meta property=\"og:url\" content=\"https:\/\/zun-schweiz.ch\/it\/diventa-membro\/\" \/>\r\n<meta property=\"og:site_name\" content=\"ZUN Schweiz\" \/>\r\n<meta property=\"article:publisher\" content=\"https:\/\/www.facebook.com\/zunschweiz.ch\/\" \/>\r\n<meta property=\"article:modified_time\" content=\"2024-05-07T10:15:42+00:00\" \/>\r\n<meta property=\"og:image\" content=\"https:\/\/zun-schweiz.ch\/wp-content\/uploads\/2023\/11\/Home-Header-Image.jpg\" \/>\r\n\t<meta property=\"og:image:width\" content=\"1920\" \/>\r\n\t<meta property=\"og:image:height\" content=\"728\" \/>\r\n\t<meta property=\"og:image:type\" content=\"image\/jpeg\" \/>\r\n<meta name=\"twitter:card\" content=\"summary_large_image\" \/>\r\n<meta name=\"twitter:label1\" content=\"Tempo di lettura stimato\" \/>\n\t<meta name=\"twitter:data1\" content=\"1 minuto\" \/>\r\n<script type=\"application\/ld+json\" class=\"yoast-schema-graph\">{\"@context\":\"https:\/\/schema.org\",\"@graph\":[{\"@type\":\"WebPage\",\"@id\":\"https:\/\/zun-schweiz.ch\/it\/diventa-membro\/\",\"url\":\"https:\/\/zun-schweiz.ch\/it\/diventa-membro\/\",\"name\":\"Diventa membro - ZUN Schweiz\",\"isPartOf\":{\"@id\":\"https:\/\/zun-schweiz.ch\/#website\"},\"primaryImageOfPage\":{\"@id\":\"https:\/\/zun-schweiz.ch\/it\/diventa-membro\/#primaryimage\"},\"image\":{\"@id\":\"https:\/\/zun-schweiz.ch\/it\/diventa-membro\/#primaryimage\"},\"thumbnailUrl\":\"https:\/\/zun-schweiz.ch\/wp-content\/uploads\/2023\/11\/Home-Header-Image.jpg\",\"datePublished\":\"2023-11-15T12:55:35+00:00\",\"dateModified\":\"2024-05-07T10:15:42+00:00\",\"description\":\"Unser Bestreben ist es, die genetische Vielfalt der Schweizer Nutzgefl\u00fcgelrassen als Teil des Kulturerbes der Schweiz durch artgerechte Erhaltungszucht zu bewahren. Wir stellen unseren Mitgliedern nicht nur Fachwissen und Netzwerk zur Verf\u00fcgung, sondern unterst\u00fctzen die Zucht auch aktiv. Gemeinsam sensibilisieren wir die Bev\u00f6lkerung f\u00fcr einen bewussten und respektvollen Umgang mit Natur und Tier.\",\"breadcrumb\":{\"@id\":\"https:\/\/zun-schweiz.ch\/it\/diventa-membro\/#breadcrumb\"},\"inLanguage\":\"it-IT\",\"potentialAction\":[{\"@type\":\"ReadAction\",\"target\":[\"https:\/\/zun-schweiz.ch\/it\/diventa-membro\/\"]}]},{\"@type\":\"ImageObject\",\"inLanguage\":\"it-IT\",\"@id\":\"https:\/\/zun-schweiz.ch\/it\/diventa-membro\/#primaryimage\",\"url\":\"https:\/\/zun-schweiz.ch\/wp-content\/uploads\/2023\/11\/Home-Header-Image.jpg\",\"contentUrl\":\"https:\/\/zun-schweiz.ch\/wp-content\/uploads\/2023\/11\/Home-Header-Image.jpg\",\"width\":1920,\"height\":728},{\"@type\":\"BreadcrumbList\",\"@id\":\"https:\/\/zun-schweiz.ch\/it\/diventa-membro\/#breadcrumb\",\"itemListElement\":[{\"@type\":\"ListItem\",\"position\":1,\"name\":\"Startseite\",\"item\":\"https:\/\/zun-schweiz.ch\/it\/casa\/\"},{\"@type\":\"ListItem\",\"position\":2,\"name\":\"Diventa membro\"}]},{\"@type\":\"WebSite\",\"@id\":\"https:\/\/zun-schweiz.ch\/#website\",\"url\":\"https:\/\/zun-schweiz.ch\/\",\"name\":\"ZUN Schweiz\",\"description\":\"\",\"publisher\":{\"@id\":\"https:\/\/zun-schweiz.ch\/#organization\"},\"potentialAction\":[{\"@type\":\"SearchAction\",\"target\":{\"@type\":\"EntryPoint\",\"urlTemplate\":\"https:\/\/zun-schweiz.ch\/?s={search_term_string}\"},\"query-input\":{\"@type\":\"PropertyValueSpecification\",\"valueRequired\":true,\"valueName\":\"search_term_string\"}}],\"inLanguage\":\"it-IT\"},{\"@type\":\"Organization\",\"@id\":\"https:\/\/zun-schweiz.ch\/#organization\",\"name\":\"ZUN Schweiz\",\"url\":\"https:\/\/zun-schweiz.ch\/\",\"logo\":{\"@type\":\"ImageObject\",\"inLanguage\":\"it-IT\",\"@id\":\"https:\/\/zun-schweiz.ch\/#\/schema\/logo\/image\/\",\"url\":\"https:\/\/zun-schweiz.ch\/wp-content\/uploads\/2023\/11\/zun_091031_cmyk-07.jpg\",\"contentUrl\":\"https:\/\/zun-schweiz.ch\/wp-content\/uploads\/2023\/11\/zun_091031_cmyk-07.jpg\",\"width\":2378,\"height\":820,\"caption\":\"ZUN Schweiz\"},\"image\":{\"@id\":\"https:\/\/zun-schweiz.ch\/#\/schema\/logo\/image\/\"},\"sameAs\":[\"https:\/\/www.facebook.com\/zunschweiz.ch\/\",\"https:\/\/www.instagram.com\/zun_schweiz\/?hl=en\"]}]}<\/script>\r\n<!-- \/ Yoast SEO plugin. -->","yoast_head_json":{"title":"Diventa membro - ZUN Schweiz","description":"Unser Bestreben ist es, die genetische Vielfalt der Schweizer Nutzgefl\u00fcgelrassen als Teil des Kulturerbes der Schweiz durch artgerechte Erhaltungszucht zu bewahren. Wir stellen unseren Mitgliedern nicht nur Fachwissen und Netzwerk zur Verf\u00fcgung, sondern unterst\u00fctzen die Zucht auch aktiv. Gemeinsam sensibilisieren wir die Bev\u00f6lkerung f\u00fcr einen bewussten und respektvollen Umgang mit Natur und Tier.","robots":{"index":"index","follow":"follow","max-snippet":"max-snippet:-1","max-image-preview":"max-image-preview:large","max-video-preview":"max-video-preview:-1"},"canonical":"https:\/\/zun-schweiz.ch\/it\/diventa-membro\/","og_locale":"it_IT","og_type":"article","og_title":"Diventa membro - ZUN Schweiz","og_description":"Unser Bestreben ist es, die genetische Vielfalt der Schweizer Nutzgefl\u00fcgelrassen als Teil des Kulturerbes der Schweiz durch artgerechte Erhaltungszucht zu bewahren. Wir stellen unseren Mitgliedern nicht nur Fachwissen und Netzwerk zur Verf\u00fcgung, sondern unterst\u00fctzen die Zucht auch aktiv. Gemeinsam sensibilisieren wir die Bev\u00f6lkerung f\u00fcr einen bewussten und respektvollen Umgang mit Natur und Tier.","og_url":"https:\/\/zun-schweiz.ch\/it\/diventa-membro\/","og_site_name":"ZUN Schweiz","article_publisher":"https:\/\/www.facebook.com\/zunschweiz.ch\/","article_modified_time":"2024-05-07T10:15:42+00:00","og_image":[{"width":1920,"height":728,"url":"https:\/\/zun-schweiz.ch\/wp-content\/uploads\/2023\/11\/Home-Header-Image.jpg","type":"image\/jpeg"}],"twitter_card":"summary_large_image","twitter_misc":{"Tempo di lettura stimato":"1 minuto"},"schema":{"@context":"https:\/\/schema.org","@graph":[{"@type":"WebPage","@id":"https:\/\/zun-schweiz.ch\/it\/diventa-membro\/","url":"https:\/\/zun-schweiz.ch\/it\/diventa-membro\/","name":"Diventa membro - ZUN Schweiz","isPartOf":{"@id":"https:\/\/zun-schweiz.ch\/#website"},"primaryImageOfPage":{"@id":"https:\/\/zun-schweiz.ch\/it\/diventa-membro\/#primaryimage"},"image":{"@id":"https:\/\/zun-schweiz.ch\/it\/diventa-membro\/#primaryimage"},"thumbnailUrl":"https:\/\/zun-schweiz.ch\/wp-content\/uploads\/2023\/11\/Home-Header-Image.jpg","datePublished":"2023-11-15T12:55:35+00:00","dateModified":"2024-05-07T10:15:42+00:00","description":"Unser Bestreben ist es, die genetische Vielfalt der Schweizer Nutzgefl\u00fcgelrassen als Teil des Kulturerbes der Schweiz durch artgerechte Erhaltungszucht zu bewahren. Wir stellen unseren Mitgliedern nicht nur Fachwissen und Netzwerk zur Verf\u00fcgung, sondern unterst\u00fctzen die Zucht auch aktiv. Gemeinsam sensibilisieren wir die Bev\u00f6lkerung f\u00fcr einen bewussten und respektvollen Umgang mit Natur und Tier.","breadcrumb":{"@id":"https:\/\/zun-schweiz.ch\/it\/diventa-membro\/#breadcrumb"},"inLanguage":"it-IT","potentialAction":[{"@type":"ReadAction","target":["https:\/\/zun-schweiz.ch\/it\/diventa-membro\/"]}]},{"@type":"ImageObject","inLanguage":"it-IT","@id":"https:\/\/zun-schweiz.ch\/it\/diventa-membro\/#primaryimage","url":"https:\/\/zun-schweiz.ch\/wp-content\/uploads\/2023\/11\/Home-Header-Image.jpg","contentUrl":"https:\/\/zun-schweiz.ch\/wp-content\/uploads\/2023\/11\/Home-Header-Image.jpg","width":1920,"height":728},{"@type":"BreadcrumbList","@id":"https:\/\/zun-schweiz.ch\/it\/diventa-membro\/#breadcrumb","itemListElement":[{"@type":"ListItem","position":1,"name":"Startseite","item":"https:\/\/zun-schweiz.ch\/it\/casa\/"},{"@type":"ListItem","position":2,"name":"Diventa membro"}]},{"@type":"WebSite","@id":"https:\/\/zun-schweiz.ch\/#website","url":"https:\/\/zun-schweiz.ch\/","name":"ZUN Schweiz","description":"","publisher":{"@id":"https:\/\/zun-schweiz.ch\/#organization"},"potentialAction":[{"@type":"SearchAction","target":{"@type":"EntryPoint","urlTemplate":"https:\/\/zun-schweiz.ch\/?s={search_term_string}"},"query-input":{"@type":"PropertyValueSpecification","valueRequired":true,"valueName":"search_term_string"}}],"inLanguage":"it-IT"},{"@type":"Organization","@id":"https:\/\/zun-schweiz.ch\/#organization","name":"ZUN Schweiz","url":"https:\/\/zun-schweiz.ch\/","logo":{"@type":"ImageObject","inLanguage":"it-IT","@id":"https:\/\/zun-schweiz.ch\/#\/schema\/logo\/image\/","url":"https:\/\/zun-schweiz.ch\/wp-content\/uploads\/2023\/11\/zun_091031_cmyk-07.jpg","contentUrl":"https:\/\/zun-schweiz.ch\/wp-content\/uploads\/2023\/11\/zun_091031_cmyk-07.jpg","width":2378,"height":820,"caption":"ZUN Schweiz"},"image":{"@id":"https:\/\/zun-schweiz.ch\/#\/schema\/logo\/image\/"},"sameAs":["https:\/\/www.facebook.com\/zunschweiz.ch\/","https:\/\/www.instagram.com\/zun_schweiz\/?hl=en"]}]}},"_links":{"self":[{"href":"https:\/\/zun-schweiz.ch\/it\/wp-json\/wp\/v2\/pages\/2389","targetHints":{"allow":["GET"]}}],"collection":[{"href":"https:\/\/zun-schweiz.ch\/it\/wp-json\/wp\/v2\/pages"}],"about":[{"href":"https:\/\/zun-schweiz.ch\/it\/wp-json\/wp\/v2\/types\/page"}],"author":[{"embeddable":true,"href":"https:\/\/zun-schweiz.ch\/it\/wp-json\/wp\/v2\/users\/1"}],"replies":[{"embeddable":true,"href":"https:\/\/zun-schweiz.ch\/it\/wp-json\/wp\/v2\/comments?post=2389"}],"version-history":[{"count":8,"href":"https:\/\/zun-schweiz.ch\/it\/wp-json\/wp\/v2\/pages\/2389\/revisions"}],"predecessor-version":[{"id":4563,"href":"https:\/\/zun-schweiz.ch\/it\/wp-json\/wp\/v2\/pages\/2389\/revisions\/4563"}],"wp:featuredmedia":[{"embeddable":true,"href":"https:\/\/zun-schweiz.ch\/it\/wp-json\/wp\/v2\/media\/2391"}],"wp:attachment":[{"href":"https:\/\/zun-schweiz.ch\/it\/wp-json\/wp\/v2\/media?parent=2389"}],"curies":[{"name":"wp","href":"https:\/\/api.w.org\/{rel}","templated":true}]}}