{"id":2393,"date":"2023-11-07T15:05:43","date_gmt":"2023-11-07T15:05:43","guid":{"rendered":"https:\/\/2024.zun-schweiz.ch\/casa\/"},"modified":"2024-04-19T09:52:50","modified_gmt":"2024-04-19T09:52:50","slug":"casa","status":"publish","type":"page","link":"https:\/\/zun-schweiz.ch\/it\/","title":{"rendered":"Casa"},"content":{"rendered":"\t\t<div data-elementor-type=\"wp-page\" data-elementor-id=\"2393\" class=\"elementor elementor-2393 elementor-30\" data-elementor-post-type=\"page\">\n\t\t\t\t<div class=\"elementor-element elementor-element-5be18e2 e-con-full e-flex e-con e-parent\" data-id=\"5be18e2\" data-element_type=\"container\" data-e-type=\"container\">\n\t\t<div class=\"elementor-element elementor-element-6e185fc e-flex e-con-boxed e-con e-child\" data-id=\"6e185fc\" data-element_type=\"container\" data-e-type=\"container\">\n\t\t\t\t\t<div class=\"e-con-inner\">\n\t\t<div class=\"elementor-element elementor-element-2797898 e-flex e-con-boxed e-con e-child\" data-id=\"2797898\" data-element_type=\"container\" data-e-type=\"container\">\n\t\t\t\t\t<div class=\"e-con-inner\">\n\t\t\t\t\t<\/div>\n\t\t\t\t<\/div>\n\t\t<div class=\"elementor-element elementor-element-d4a873c e-flex e-con-boxed e-con e-child\" data-id=\"d4a873c\" data-element_type=\"container\" data-e-type=\"container\" data-settings=\"{&quot;background_background&quot;:&quot;classic&quot;}\">\n\t\t\t\t\t<div class=\"e-con-inner\">\n\t\t<div class=\"elementor-element elementor-element-37acaa6 e-flex e-con-boxed e-con e-child\" data-id=\"37acaa6\" data-element_type=\"container\" data-e-type=\"container\">\n\t\t\t\t\t<div class=\"e-con-inner\">\n\t\t\t\t<div class=\"elementor-element elementor-element-f84d30d elementor-grid-1 elementor-posts--thumbnail-none home-page-top-two-post elementor-grid-tablet-2 elementor-grid-mobile-1 elementor-widget elementor-widget-posts\" data-id=\"f84d30d\" data-element_type=\"widget\" data-e-type=\"widget\" data-settings=\"{&quot;classic_columns&quot;:&quot;1&quot;,&quot;classic_columns_tablet&quot;:&quot;2&quot;,&quot;classic_columns_mobile&quot;:&quot;1&quot;,&quot;classic_row_gap&quot;:{&quot;unit&quot;:&quot;px&quot;,&quot;size&quot;:35,&quot;sizes&quot;:[]},&quot;classic_row_gap_tablet&quot;:{&quot;unit&quot;:&quot;px&quot;,&quot;size&quot;:&quot;&quot;,&quot;sizes&quot;:[]},&quot;classic_row_gap_mobile&quot;:{&quot;unit&quot;:&quot;px&quot;,&quot;size&quot;:&quot;&quot;,&quot;sizes&quot;:[]}}\" data-widget_type=\"posts.classic\">\n\t\t\t\t<div class=\"elementor-widget-container\">\n\t\t\t\t\t\t\t<div class=\"elementor-posts-container elementor-posts elementor-posts--skin-classic elementor-grid\" role=\"list\">\n\t\t\t\t<article class=\"elementor-post elementor-grid-item post-2490 post type-post status-publish format-standard has-post-thumbnail hentry category-eventi tag-casa-maestra-evento tag-top-main-event tag-valutazione-degli-animali tag-valutazione-degli-animali-it tag-valutazione-degli-animali-it-2 tag-valutazione-degli-animali-it-3\" role=\"listitem\">\n\t\t\t\t<div class=\"elementor-post__text\">\n\t\t\t\t<h3 class=\"elementor-post__title\">\n\t\t\t<a href=\"https:\/\/zun-schweiz.ch\/it\/valutazioni-degli-animali\/\" >\n\t\t\t\tValutazioni degli animali\t\t\t<\/a>\n\t\t<\/h3>\n\t\t\t\t<div class=\"elementor-post__excerpt\">\n\t\t\t<p>Date e luoghi diversi. Un buon sviluppo dei giovani animali \u00e8 un prerequisito per l&#8217;iscrizione al libro genealogico.  <\/p>\n\t\t<\/div>\n\t\t\t\t<\/div>\n\t\t\t\t<\/article>\n\t\t\t\t<\/div>\n\t\t\n\t\t\t\t\t\t<\/div>\n\t\t\t\t<\/div>\n\t\t\t\t<div class=\"elementor-element elementor-element-b74b89b elementor-align-right elementor-hidden-tablet elementor-hidden-mobile elementor-widget elementor-widget-button\" data-id=\"b74b89b\" data-element_type=\"widget\" data-e-type=\"widget\" data-widget_type=\"button.default\">\n\t\t\t\t<div class=\"elementor-widget-container\">\n\t\t\t\t\t\t\t\t\t<div class=\"elementor-button-wrapper\">\n\t\t\t\t\t<a class=\"elementor-button elementor-button-link elementor-size-sm\" href=\"https:\/\/zun-schweiz.ch\/it\/eventi-e-notizie\/\">\n\t\t\t\t\t\t<span class=\"elementor-button-content-wrapper\">\n\t\t\t\t\t\t\t\t\t<span class=\"elementor-button-text\">  agli eventi ZUN<\/span>\n\t\t\t\t\t<\/span>\n\t\t\t\t\t<\/a>\n\t\t\t\t<\/div>\n\t\t\t\t\t\t\t\t<\/div>\n\t\t\t\t<\/div>\n\t\t\t\t\t<\/div>\n\t\t\t\t<\/div>\n\t\t<div class=\"elementor-element elementor-element-3254425 e-flex e-con-boxed e-con e-child\" data-id=\"3254425\" data-element_type=\"container\" data-e-type=\"container\">\n\t\t\t\t\t<div class=\"e-con-inner\">\n\t\t\t\t<div class=\"elementor-element elementor-element-ed6c1b5 elementor-align-right elementor-hidden-desktop elementor-widget elementor-widget-button\" data-id=\"ed6c1b5\" data-element_type=\"widget\" data-e-type=\"widget\" data-widget_type=\"button.default\">\n\t\t\t\t<div class=\"elementor-widget-container\">\n\t\t\t\t\t\t\t\t\t<div class=\"elementor-button-wrapper\">\n\t\t\t\t\t<a class=\"elementor-button elementor-button-link elementor-size-sm\" href=\"https:\/\/zun-schweiz.ch\/it\/eventi-e-notizie\/\">\n\t\t\t\t\t\t<span class=\"elementor-button-content-wrapper\">\n\t\t\t\t\t\t\t\t\t<span class=\"elementor-button-text\">  agli eventi ZUN<\/span>\n\t\t\t\t\t<\/span>\n\t\t\t\t\t<\/a>\n\t\t\t\t<\/div>\n\t\t\t\t\t\t\t\t<\/div>\n\t\t\t\t<\/div>\n\t\t\t\t\t<\/div>\n\t\t\t\t<\/div>\n\t\t\t\t\t<\/div>\n\t\t\t\t<\/div>\n\t\t\t\t\t<\/div>\n\t\t\t\t<\/div>\n\t\t<div class=\"elementor-element elementor-element-dc0bf96 e-con-full e-flex e-con e-child\" data-id=\"dc0bf96\" data-element_type=\"container\" data-e-type=\"container\">\n\t\t<div class=\"elementor-element elementor-element-73ae013 e-con-full e-flex e-con e-child\" data-id=\"73ae013\" data-element_type=\"container\" data-e-type=\"container\" data-settings=\"{&quot;background_background&quot;:&quot;classic&quot;}\">\n\t\t<div class=\"elementor-element elementor-element-2127920 e-flex e-con-boxed e-con e-child\" data-id=\"2127920\" data-element_type=\"container\" data-e-type=\"container\">\n\t\t\t\t\t<div class=\"e-con-inner\">\n\t\t\t\t<div class=\"elementor-element elementor-element-beb1d5d elementor-widget elementor-widget-menu-anchor\" data-id=\"beb1d5d\" data-element_type=\"widget\" data-e-type=\"widget\" data-widget_type=\"menu-anchor.default\">\n\t\t\t\t<div class=\"elementor-widget-container\">\n\t\t\t\t\t\t\t<div class=\"elementor-menu-anchor\" id=\"Razze\"><\/div>\n\t\t\t\t\t\t<\/div>\n\t\t\t\t<\/div>\n\t\t\t\t\t<\/div>\n\t\t\t\t<\/div>\n\t\t\t\t<\/div>\n\t\t<div class=\"elementor-element elementor-element-4355c85 e-con-full e-flex e-con e-child\" data-id=\"4355c85\" data-element_type=\"container\" data-e-type=\"container\" data-settings=\"{&quot;background_background&quot;:&quot;classic&quot;}\">\n\t\t<div class=\"elementor-element elementor-element-3ae4aaa e-flex e-con-boxed e-con e-child\" data-id=\"3ae4aaa\" data-element_type=\"container\" data-e-type=\"container\">\n\t\t\t\t\t<div class=\"e-con-inner\">\n\t\t\t\t\t<\/div>\n\t\t\t\t<\/div>\n\t\t\t\t<\/div>\n\t\t<div class=\"elementor-element elementor-element-eb40f7c e-con-full e-flex e-con e-child\" data-id=\"eb40f7c\" data-element_type=\"container\" data-e-type=\"container\" data-settings=\"{&quot;background_background&quot;:&quot;classic&quot;}\">\n\t\t<div class=\"elementor-element elementor-element-0d3c5e7 e-flex e-con-boxed e-con e-child\" data-id=\"0d3c5e7\" data-element_type=\"container\" data-e-type=\"container\">\n\t\t\t\t\t<div class=\"e-con-inner\">\n\t\t\t\t\t<\/div>\n\t\t\t\t<\/div>\n\t\t\t\t<\/div>\n\t\t<div class=\"elementor-element elementor-element-5847c7d e-con-full e-flex e-con e-child\" data-id=\"5847c7d\" data-element_type=\"container\" data-e-type=\"container\" data-settings=\"{&quot;background_background&quot;:&quot;classic&quot;}\">\n\t\t<div class=\"elementor-element elementor-element-164b78d e-flex e-con-boxed e-con e-child\" data-id=\"164b78d\" data-element_type=\"container\" data-e-type=\"container\">\n\t\t\t\t\t<div class=\"e-con-inner\">\n\t\t\t\t\t<\/div>\n\t\t\t\t<\/div>\n\t\t\t\t<\/div>\n\t\t<div class=\"elementor-element elementor-element-6d78426 e-con-full e-flex e-con e-child\" data-id=\"6d78426\" data-element_type=\"container\" data-e-type=\"container\" data-settings=\"{&quot;background_background&quot;:&quot;classic&quot;}\">\n\t\t<div class=\"elementor-element elementor-element-985a084 e-flex e-con-boxed e-con e-child\" data-id=\"985a084\" data-element_type=\"container\" data-e-type=\"container\">\n\t\t\t\t\t<div class=\"e-con-inner\">\n\t\t\t\t\t<\/div>\n\t\t\t\t<\/div>\n\t\t\t\t<\/div>\n\t\t\t\t<\/div>\n\t\t<div class=\"elementor-element elementor-element-c3e4d78 e-flex e-con-boxed e-con e-child\" data-id=\"c3e4d78\" data-element_type=\"container\" data-e-type=\"container\">\n\t\t\t\t\t<div class=\"e-con-inner\">\n\t\t<div class=\"elementor-element elementor-element-6b1f95c e-flex e-con-boxed e-con e-child\" data-id=\"6b1f95c\" data-element_type=\"container\" data-e-type=\"container\">\n\t\t\t\t\t<div class=\"e-con-inner\">\n\t\t<div class=\"elementor-element elementor-element-9241c03 e-flex e-con-boxed e-con e-child\" data-id=\"9241c03\" data-element_type=\"container\" data-e-type=\"container\">\n\t\t\t\t\t<div class=\"e-con-inner\">\n\t\t<a class=\"elementor-element elementor-element-ab59f2d e-flex e-con-boxed e-con e-child\" data-id=\"ab59f2d\" data-element_type=\"container\" data-e-type=\"container\" data-settings=\"{&quot;background_background&quot;:&quot;classic&quot;}\" href=\"https:\/\/zun-schweiz.ch\/it\/rete\/\">\n\t\t\t\t\t<div class=\"e-con-inner\">\n\t\t\t\t<div class=\"elementor-element elementor-element-50e21e0 elementor-widget elementor-widget-counter\" data-id=\"50e21e0\" data-element_type=\"widget\" data-e-type=\"widget\" data-widget_type=\"counter.default\">\n\t\t\t\t<div class=\"elementor-widget-container\">\n\t\t\t\t\t\t\t<div class=\"elementor-counter\">\n\t\t\t<div class=\"elementor-counter-title\">Membri<\/div>\t\t\t<div class=\"elementor-counter-number-wrapper\">\n\t\t\t\t<span class=\"elementor-counter-number-prefix\"><\/span>\n\t\t\t\t<span class=\"elementor-counter-number\" data-duration=\"2000\" data-to-value=\"572\" data-from-value=\"0\" data-delimiter=\",\">0<\/span>\n\t\t\t\t<span class=\"elementor-counter-number-suffix\"><\/span>\n\t\t\t<\/div>\n\t\t<\/div>\n\t\t\t\t\t\t<\/div>\n\t\t\t\t<\/div>\n\t\t\t\t\t<\/div>\n\t\t\t\t<\/a>\n\t\t\t\t\t<\/div>\n\t\t\t\t<\/div>\n\t\t<div class=\"elementor-element elementor-element-93572fb e-flex e-con-boxed e-con e-child\" data-id=\"93572fb\" data-element_type=\"container\" data-e-type=\"container\">\n\t\t\t\t\t<div class=\"e-con-inner\">\n\t\t<a class=\"elementor-element elementor-element-92fed5e e-flex e-con-boxed e-con e-child\" data-id=\"92fed5e\" data-element_type=\"container\" data-e-type=\"container\" data-settings=\"{&quot;background_background&quot;:&quot;classic&quot;}\" href=\"https:\/\/zun-schweiz.ch\/it\/rete\/#regionalbetreuung\">\n\t\t\t\t\t<div class=\"e-con-inner\">\n\t\t\t\t<div class=\"elementor-element elementor-element-6c37bd9 e-transform elementor-widget elementor-widget-counter\" data-id=\"6c37bd9\" data-element_type=\"widget\" data-e-type=\"widget\" data-settings=\"{&quot;_transform_rotateZ_effect&quot;:{&quot;unit&quot;:&quot;px&quot;,&quot;size&quot;:&quot;&quot;,&quot;sizes&quot;:[]},&quot;_transform_rotateZ_effect_tablet&quot;:{&quot;unit&quot;:&quot;deg&quot;,&quot;size&quot;:&quot;&quot;,&quot;sizes&quot;:[]},&quot;_transform_rotateZ_effect_mobile&quot;:{&quot;unit&quot;:&quot;deg&quot;,&quot;size&quot;:&quot;&quot;,&quot;sizes&quot;:[]}}\" data-widget_type=\"counter.default\">\n\t\t\t\t<div class=\"elementor-widget-container\">\n\t\t\t\t\t\t\t<div class=\"elementor-counter\">\n\t\t\t<div class=\"elementor-counter-title\">Consulente regionale<\/div>\t\t\t<div class=\"elementor-counter-number-wrapper\">\n\t\t\t\t<span class=\"elementor-counter-number-prefix\"><\/span>\n\t\t\t\t<span class=\"elementor-counter-number\" data-duration=\"2000\" data-to-value=\"13\" data-from-value=\"0\" data-delimiter=\",\">0<\/span>\n\t\t\t\t<span class=\"elementor-counter-number-suffix\"><\/span>\n\t\t\t<\/div>\n\t\t<\/div>\n\t\t\t\t\t\t<\/div>\n\t\t\t\t<\/div>\n\t\t\t\t\t<\/div>\n\t\t\t\t<\/a>\n\t\t\t\t\t<\/div>\n\t\t\t\t<\/div>\n\t\t<div class=\"elementor-element elementor-element-7c0869f e-flex e-con-boxed e-con e-child\" data-id=\"7c0869f\" data-element_type=\"container\" data-e-type=\"container\">\n\t\t\t\t\t<div class=\"e-con-inner\">\n\t\t<a class=\"elementor-element elementor-element-7d365d3 e-flex e-con-boxed e-con e-child\" data-id=\"7d365d3\" data-element_type=\"container\" data-e-type=\"container\" data-settings=\"{&quot;background_background&quot;:&quot;classic&quot;}\" href=\"https:\/\/zun-schweiz.ch\/it\/2024\/02\/06\/zun-e-prospecierara\/\">\n\t\t\t\t\t<div class=\"e-con-inner\">\n\t\t\t\t<div class=\"elementor-element elementor-element-194c505 elementor-widget elementor-widget-counter\" data-id=\"194c505\" data-element_type=\"widget\" data-e-type=\"widget\" data-widget_type=\"counter.default\">\n\t\t\t\t<div class=\"elementor-widget-container\">\n\t\t\t\t\t\t\t<div class=\"elementor-counter\">\n\t\t\t<div class=\"elementor-counter-title\">Animali<\/div>\t\t\t<div class=\"elementor-counter-number-wrapper\">\n\t\t\t\t<span class=\"elementor-counter-number-prefix\">~ <\/span>\n\t\t\t\t<span class=\"elementor-counter-number\" data-duration=\"2000\" data-to-value=\"4620\" data-from-value=\"0\" data-delimiter=\",\">0<\/span>\n\t\t\t\t<span class=\"elementor-counter-number-suffix\"><\/span>\n\t\t\t<\/div>\n\t\t<\/div>\n\t\t\t\t\t\t<\/div>\n\t\t\t\t<\/div>\n\t\t\t\t\t<\/div>\n\t\t\t\t<\/a>\n\t\t\t\t\t<\/div>\n\t\t\t\t<\/div>\n\t\t\t\t\t<\/div>\n\t\t\t\t<\/div>\n\t\t<div class=\"elementor-element elementor-element-7c90f2e e-flex e-con-boxed e-con e-child\" data-id=\"7c90f2e\" data-element_type=\"container\" data-e-type=\"container\">\n\t\t\t\t\t<div class=\"e-con-inner\">\n\t\t\t\t<div class=\"elementor-element elementor-element-8eb4534 elementor-align-center elementor-widget elementor-widget-button\" data-id=\"8eb4534\" data-element_type=\"widget\" data-e-type=\"widget\" data-widget_type=\"button.default\">\n\t\t\t\t<div class=\"elementor-widget-container\">\n\t\t\t\t\t\t\t\t\t<div class=\"elementor-button-wrapper\">\n\t\t\t\t\t<a class=\"elementor-button elementor-button-link elementor-size-sm\" href=\"https:\/\/zun-schweiz.ch\/it\/diventa-membro\/\">\n\t\t\t\t\t\t<span class=\"elementor-button-content-wrapper\">\n\t\t\t\t\t\t\t\t\t<span class=\"elementor-button-text\">Diventa membro<\/span>\n\t\t\t\t\t<\/span>\n\t\t\t\t\t<\/a>\n\t\t\t\t<\/div>\n\t\t\t\t\t\t\t\t<\/div>\n\t\t\t\t<\/div>\n\t\t\t\t\t<\/div>\n\t\t\t\t<\/div>\n\t\t\t\t\t<\/div>\n\t\t\t\t<\/div>\n\t\t<div class=\"elementor-element elementor-element-937c223 e-flex e-con-boxed e-con e-child\" data-id=\"937c223\" data-element_type=\"container\" data-e-type=\"container\">\n\t\t\t\t\t<div class=\"e-con-inner\">\n\t\t<div class=\"elementor-element elementor-element-688ddfd e-con-full e-flex e-con e-child\" data-id=\"688ddfd\" data-element_type=\"container\" data-e-type=\"container\">\n\t\t\t\t<\/div>\n\t\t<div class=\"elementor-element elementor-element-14ec8ad e-flex e-con-boxed e-con e-child\" data-id=\"14ec8ad\" data-element_type=\"container\" data-e-type=\"container\">\n\t\t\t\t\t<div class=\"e-con-inner\">\n\t\t\t\t\t<\/div>\n\t\t\t\t<\/div>\n\t\t\t\t\t<\/div>\n\t\t\t\t<\/div>\n\t\t\t\t<\/div>\n\t\t\t\t<\/div>\n\t\t","protected":false},"excerpt":{"rendered":"<p>Conservazione, promozione e tradizione nell&#8217;allevamento di pollame<\/p>\n","protected":false},"author":4,"featured_media":12558,"parent":0,"menu_order":0,"comment_status":"closed","ping_status":"closed","template":"","meta":{"_monsterinsights_skip_tracking":false,"_monsterinsights_sitenote_active":false,"_monsterinsights_sitenote_note":"","_monsterinsights_sitenote_category":0,"footnotes":""},"class_list":["post-2393","page","type-page","status-publish","has-post-thumbnail","hentry"],"yoast_head":"<!-- This site is optimized with the Yoast SEO plugin v27.4 - https:\/\/yoast.com\/product\/yoast-seo-wordpress\/ -->\r\n<title>Casa - ZUN Schweiz<\/title>\r\n<meta name=\"description\" content=\"Unser Bestreben ist es, die genetische Vielfalt der Schweizer Nutzgefl\u00fcgelrassen als Teil des Kulturerbes der Schweiz durch artgerechte Erhaltungszucht zu bewahren. Wir stellen unseren Mitgliedern nicht nur Fachwissen und Netzwerk zur Verf\u00fcgung, sondern unterst\u00fctzen die Zucht auch aktiv. Gemeinsam sensibilisieren wir die Bev\u00f6lkerung f\u00fcr einen bewussten und respektvollen Umgang mit Natur und Tier.\" \/>\r\n<meta name=\"robots\" content=\"index, follow, max-snippet:-1, max-image-preview:large, max-video-preview:-1\" \/>\r\n<link rel=\"canonical\" href=\"https:\/\/zun-schweiz.ch\/it\/casa\/\" \/>\r\n<meta property=\"og:locale\" content=\"it_IT\" \/>\r\n<meta property=\"og:type\" content=\"article\" \/>\r\n<meta property=\"og:title\" content=\"Casa - ZUN Schweiz\" \/>\r\n<meta property=\"og:description\" content=\"Unser Bestreben ist es, die genetische Vielfalt der Schweizer Nutzgefl\u00fcgelrassen als Teil des Kulturerbes der Schweiz durch artgerechte Erhaltungszucht zu bewahren. Wir stellen unseren Mitgliedern nicht nur Fachwissen und Netzwerk zur Verf\u00fcgung, sondern unterst\u00fctzen die Zucht auch aktiv. Gemeinsam sensibilisieren wir die Bev\u00f6lkerung f\u00fcr einen bewussten und respektvollen Umgang mit Natur und Tier.\" \/>\r\n<meta property=\"og:url\" content=\"https:\/\/zun-schweiz.ch\/it\/casa\/\" \/>\r\n<meta property=\"og:site_name\" content=\"ZUN Schweiz\" \/>\r\n<meta property=\"article:publisher\" content=\"https:\/\/www.facebook.com\/zunschweiz.ch\/\" \/>\r\n<meta property=\"article:modified_time\" content=\"2024-04-19T09:52:50+00:00\" \/>\r\n<meta property=\"og:image\" content=\"https:\/\/zun-schweiz.ch\/wp-content\/uploads\/2024\/09\/056A8352-scaled.jpg\" \/>\r\n\t<meta property=\"og:image:width\" content=\"2560\" \/>\r\n\t<meta property=\"og:image:height\" content=\"1707\" \/>\r\n\t<meta property=\"og:image:type\" content=\"image\/jpeg\" \/>\r\n<meta name=\"twitter:card\" content=\"summary_large_image\" \/>\r\n<script type=\"application\/ld+json\" class=\"yoast-schema-graph\">{\"@context\":\"https:\\\/\\\/schema.org\",\"@graph\":[{\"@type\":\"WebPage\",\"@id\":\"https:\\\/\\\/zun-schweiz.ch\\\/it\\\/casa\\\/\",\"url\":\"https:\\\/\\\/zun-schweiz.ch\\\/it\\\/casa\\\/\",\"name\":\"Casa - ZUN Schweiz\",\"isPartOf\":{\"@id\":\"https:\\\/\\\/zun-schweiz.ch\\\/#website\"},\"primaryImageOfPage\":{\"@id\":\"https:\\\/\\\/zun-schweiz.ch\\\/it\\\/casa\\\/#primaryimage\"},\"image\":{\"@id\":\"https:\\\/\\\/zun-schweiz.ch\\\/it\\\/casa\\\/#primaryimage\"},\"thumbnailUrl\":\"https:\\\/\\\/zun-schweiz.ch\\\/wp-content\\\/uploads\\\/2026\\\/01\\\/thumbnail-7.jpeg\",\"datePublished\":\"2023-11-07T15:05:43+00:00\",\"dateModified\":\"2024-04-19T09:52:50+00:00\",\"description\":\"Unser Bestreben ist es, die genetische Vielfalt der Schweizer Nutzgefl\u00fcgelrassen als Teil des Kulturerbes der Schweiz durch artgerechte Erhaltungszucht zu bewahren. Wir stellen unseren Mitgliedern nicht nur Fachwissen und Netzwerk zur Verf\u00fcgung, sondern unterst\u00fctzen die Zucht auch aktiv. Gemeinsam sensibilisieren wir die Bev\u00f6lkerung f\u00fcr einen bewussten und respektvollen Umgang mit Natur und Tier.\",\"breadcrumb\":{\"@id\":\"https:\\\/\\\/zun-schweiz.ch\\\/it\\\/casa\\\/#breadcrumb\"},\"inLanguage\":\"it-IT\",\"potentialAction\":[{\"@type\":\"ReadAction\",\"target\":[\"https:\\\/\\\/zun-schweiz.ch\\\/it\\\/casa\\\/\"]}]},{\"@type\":\"ImageObject\",\"inLanguage\":\"it-IT\",\"@id\":\"https:\\\/\\\/zun-schweiz.ch\\\/it\\\/casa\\\/#primaryimage\",\"url\":\"https:\\\/\\\/zun-schweiz.ch\\\/wp-content\\\/uploads\\\/2026\\\/01\\\/thumbnail-7.jpeg\",\"contentUrl\":\"https:\\\/\\\/zun-schweiz.ch\\\/wp-content\\\/uploads\\\/2026\\\/01\\\/thumbnail-7.jpeg\",\"width\":978,\"height\":1468},{\"@type\":\"BreadcrumbList\",\"@id\":\"https:\\\/\\\/zun-schweiz.ch\\\/it\\\/casa\\\/#breadcrumb\",\"itemListElement\":[{\"@type\":\"ListItem\",\"position\":1,\"name\":\"Startseite\",\"item\":\"https:\\\/\\\/zun-schweiz.ch\\\/it\\\/casa\\\/\"},{\"@type\":\"ListItem\",\"position\":2,\"name\":\"Casa\"}]},{\"@type\":\"WebSite\",\"@id\":\"https:\\\/\\\/zun-schweiz.ch\\\/#website\",\"url\":\"https:\\\/\\\/zun-schweiz.ch\\\/\",\"name\":\"ZUN Schweiz\",\"description\":\"\",\"publisher\":{\"@id\":\"https:\\\/\\\/zun-schweiz.ch\\\/#organization\"},\"potentialAction\":[{\"@type\":\"SearchAction\",\"target\":{\"@type\":\"EntryPoint\",\"urlTemplate\":\"https:\\\/\\\/zun-schweiz.ch\\\/?s={search_term_string}\"},\"query-input\":{\"@type\":\"PropertyValueSpecification\",\"valueRequired\":true,\"valueName\":\"search_term_string\"}}],\"inLanguage\":\"it-IT\"},{\"@type\":\"Organization\",\"@id\":\"https:\\\/\\\/zun-schweiz.ch\\\/#organization\",\"name\":\"ZUN Schweiz\",\"url\":\"https:\\\/\\\/zun-schweiz.ch\\\/\",\"logo\":{\"@type\":\"ImageObject\",\"inLanguage\":\"it-IT\",\"@id\":\"https:\\\/\\\/zun-schweiz.ch\\\/#\\\/schema\\\/logo\\\/image\\\/\",\"url\":\"https:\\\/\\\/zun-schweiz.ch\\\/wp-content\\\/uploads\\\/2023\\\/11\\\/zun_091031_cmyk-07.jpg\",\"contentUrl\":\"https:\\\/\\\/zun-schweiz.ch\\\/wp-content\\\/uploads\\\/2023\\\/11\\\/zun_091031_cmyk-07.jpg\",\"width\":2378,\"height\":820,\"caption\":\"ZUN Schweiz\"},\"image\":{\"@id\":\"https:\\\/\\\/zun-schweiz.ch\\\/#\\\/schema\\\/logo\\\/image\\\/\"},\"sameAs\":[\"https:\\\/\\\/www.facebook.com\\\/zunschweiz.ch\\\/\",\"https:\\\/\\\/www.instagram.com\\\/zun_schweiz\\\/?hl=en\"]}]}<\/script>\r\n<!-- \/ Yoast SEO plugin. -->","yoast_head_json":{"title":"Casa - ZUN Schweiz","description":"Unser Bestreben ist es, die genetische Vielfalt der Schweizer Nutzgefl\u00fcgelrassen als Teil des Kulturerbes der Schweiz durch artgerechte Erhaltungszucht zu bewahren. Wir stellen unseren Mitgliedern nicht nur Fachwissen und Netzwerk zur Verf\u00fcgung, sondern unterst\u00fctzen die Zucht auch aktiv. Gemeinsam sensibilisieren wir die Bev\u00f6lkerung f\u00fcr einen bewussten und respektvollen Umgang mit Natur und Tier.","robots":{"index":"index","follow":"follow","max-snippet":"max-snippet:-1","max-image-preview":"max-image-preview:large","max-video-preview":"max-video-preview:-1"},"canonical":"https:\/\/zun-schweiz.ch\/it\/casa\/","og_locale":"it_IT","og_type":"article","og_title":"Casa - ZUN Schweiz","og_description":"Unser Bestreben ist es, die genetische Vielfalt der Schweizer Nutzgefl\u00fcgelrassen als Teil des Kulturerbes der Schweiz durch artgerechte Erhaltungszucht zu bewahren. Wir stellen unseren Mitgliedern nicht nur Fachwissen und Netzwerk zur Verf\u00fcgung, sondern unterst\u00fctzen die Zucht auch aktiv. Gemeinsam sensibilisieren wir die Bev\u00f6lkerung f\u00fcr einen bewussten und respektvollen Umgang mit Natur und Tier.","og_url":"https:\/\/zun-schweiz.ch\/it\/casa\/","og_site_name":"ZUN Schweiz","article_publisher":"https:\/\/www.facebook.com\/zunschweiz.ch\/","article_modified_time":"2024-04-19T09:52:50+00:00","og_image":[{"width":2560,"height":1707,"url":"https:\/\/zun-schweiz.ch\/wp-content\/uploads\/2024\/09\/056A8352-scaled.jpg","type":"image\/jpeg"}],"twitter_card":"summary_large_image","schema":{"@context":"https:\/\/schema.org","@graph":[{"@type":"WebPage","@id":"https:\/\/zun-schweiz.ch\/it\/casa\/","url":"https:\/\/zun-schweiz.ch\/it\/casa\/","name":"Casa - ZUN Schweiz","isPartOf":{"@id":"https:\/\/zun-schweiz.ch\/#website"},"primaryImageOfPage":{"@id":"https:\/\/zun-schweiz.ch\/it\/casa\/#primaryimage"},"image":{"@id":"https:\/\/zun-schweiz.ch\/it\/casa\/#primaryimage"},"thumbnailUrl":"https:\/\/zun-schweiz.ch\/wp-content\/uploads\/2026\/01\/thumbnail-7.jpeg","datePublished":"2023-11-07T15:05:43+00:00","dateModified":"2024-04-19T09:52:50+00:00","description":"Unser Bestreben ist es, die genetische Vielfalt der Schweizer Nutzgefl\u00fcgelrassen als Teil des Kulturerbes der Schweiz durch artgerechte Erhaltungszucht zu bewahren. Wir stellen unseren Mitgliedern nicht nur Fachwissen und Netzwerk zur Verf\u00fcgung, sondern unterst\u00fctzen die Zucht auch aktiv. Gemeinsam sensibilisieren wir die Bev\u00f6lkerung f\u00fcr einen bewussten und respektvollen Umgang mit Natur und Tier.","breadcrumb":{"@id":"https:\/\/zun-schweiz.ch\/it\/casa\/#breadcrumb"},"inLanguage":"it-IT","potentialAction":[{"@type":"ReadAction","target":["https:\/\/zun-schweiz.ch\/it\/casa\/"]}]},{"@type":"ImageObject","inLanguage":"it-IT","@id":"https:\/\/zun-schweiz.ch\/it\/casa\/#primaryimage","url":"https:\/\/zun-schweiz.ch\/wp-content\/uploads\/2026\/01\/thumbnail-7.jpeg","contentUrl":"https:\/\/zun-schweiz.ch\/wp-content\/uploads\/2026\/01\/thumbnail-7.jpeg","width":978,"height":1468},{"@type":"BreadcrumbList","@id":"https:\/\/zun-schweiz.ch\/it\/casa\/#breadcrumb","itemListElement":[{"@type":"ListItem","position":1,"name":"Startseite","item":"https:\/\/zun-schweiz.ch\/it\/casa\/"},{"@type":"ListItem","position":2,"name":"Casa"}]},{"@type":"WebSite","@id":"https:\/\/zun-schweiz.ch\/#website","url":"https:\/\/zun-schweiz.ch\/","name":"ZUN Schweiz","description":"","publisher":{"@id":"https:\/\/zun-schweiz.ch\/#organization"},"potentialAction":[{"@type":"SearchAction","target":{"@type":"EntryPoint","urlTemplate":"https:\/\/zun-schweiz.ch\/?s={search_term_string}"},"query-input":{"@type":"PropertyValueSpecification","valueRequired":true,"valueName":"search_term_string"}}],"inLanguage":"it-IT"},{"@type":"Organization","@id":"https:\/\/zun-schweiz.ch\/#organization","name":"ZUN Schweiz","url":"https:\/\/zun-schweiz.ch\/","logo":{"@type":"ImageObject","inLanguage":"it-IT","@id":"https:\/\/zun-schweiz.ch\/#\/schema\/logo\/image\/","url":"https:\/\/zun-schweiz.ch\/wp-content\/uploads\/2023\/11\/zun_091031_cmyk-07.jpg","contentUrl":"https:\/\/zun-schweiz.ch\/wp-content\/uploads\/2023\/11\/zun_091031_cmyk-07.jpg","width":2378,"height":820,"caption":"ZUN Schweiz"},"image":{"@id":"https:\/\/zun-schweiz.ch\/#\/schema\/logo\/image\/"},"sameAs":["https:\/\/www.facebook.com\/zunschweiz.ch\/","https:\/\/www.instagram.com\/zun_schweiz\/?hl=en"]}]}},"_links":{"self":[{"href":"https:\/\/zun-schweiz.ch\/it\/wp-json\/wp\/v2\/pages\/2393","targetHints":{"allow":["GET"]}}],"collection":[{"href":"https:\/\/zun-schweiz.ch\/it\/wp-json\/wp\/v2\/pages"}],"about":[{"href":"https:\/\/zun-schweiz.ch\/it\/wp-json\/wp\/v2\/types\/page"}],"author":[{"embeddable":true,"href":"https:\/\/zun-schweiz.ch\/it\/wp-json\/wp\/v2\/users\/4"}],"replies":[{"embeddable":true,"href":"https:\/\/zun-schweiz.ch\/it\/wp-json\/wp\/v2\/comments?post=2393"}],"version-history":[{"count":6,"href":"https:\/\/zun-schweiz.ch\/it\/wp-json\/wp\/v2\/pages\/2393\/revisions"}],"predecessor-version":[{"id":4216,"href":"https:\/\/zun-schweiz.ch\/it\/wp-json\/wp\/v2\/pages\/2393\/revisions\/4216"}],"wp:featuredmedia":[{"embeddable":true,"href":"https:\/\/zun-schweiz.ch\/it\/wp-json\/wp\/v2\/media\/12558"}],"wp:attachment":[{"href":"https:\/\/zun-schweiz.ch\/it\/wp-json\/wp\/v2\/media?parent=2393"}],"curies":[{"name":"wp","href":"https:\/\/api.w.org\/{rel}","templated":true}]}}